{"id":25700,"date":"2026-05-13T12:18:46","date_gmt":"2026-05-13T10:18:46","guid":{"rendered":"https:\/\/www.elgatambbotes.com\/?post_type=product&#038;p=25700"},"modified":"2026-05-14T13:42:00","modified_gmt":"2026-05-14T11:42:00","slug":"stetson-western-paja-lanuca-toyo","status":"publish","type":"product","link":"https:\/\/www.elgatambbotes.com\/fr\/producto\/complementos\/sombreros-cowboy\/stetson-western-paja-lanuca-toyo\/","title":{"rendered":"ST"},"content":{"rendered":"","protected":false},"excerpt":{"rendered":"<p>Chapeau western de <strong>paille Toyo<\/strong> tress\u00e9 laborieusement couleur beige clair. <strong>Calotte Cattleman<\/strong> de 13 cm (environ) et aile de 10,5 cm (environ). Doublure int\u00e9rieure tr\u00e8s douce et absorbante pour plus de confort et aileModelable. D\u00e9cor\u00e9 d'une <strong>lani\u00e8re en cuir marron<\/strong> et l'embl\u00e9matique \u00e9pingle Stetson en m\u00e9tal sur le c\u00f4t\u00e9 pour un style parfait. Sa l\u00e9g\u00e8ret\u00e9 et sa protection solaire en font le meilleur alli\u00e9 des chaudes journ\u00e9es d'\u00e9t\u00e9 (Protection UV 40).<\/p>","protected":false},"featured_media":25712,"template":"","meta":[],"product_brand":[154],"product_cat":[22,30,95],"product_tag":[],"giftcard-category":[],"class_list":{"0":"post-25700","1":"product","2":"type-product","3":"status-publish","4":"has-post-thumbnail","6":"product_brand-stetson","7":"product_cat-complementos","8":"product_cat-sombreros-cowboy","9":"product_cat-stetson","10":"pa_color-beige","11":"pa_talla-l","12":"pa_talla-m","13":"pa_talla-s","14":"pa_talla-xl","16":"first","17":"instock","18":"shipping-taxable","19":"purchasable","20":"product-type-variable"},"_links":{"self":[{"href":"https:\/\/www.elgatambbotes.com\/fr\/wp-json\/wp\/v2\/product\/25700","targetHints":{"allow":["GET"]}}],"collection":[{"href":"https:\/\/www.elgatambbotes.com\/fr\/wp-json\/wp\/v2\/product"}],"about":[{"href":"https:\/\/www.elgatambbotes.com\/fr\/wp-json\/wp\/v2\/types\/product"}],"wp:featuredmedia":[{"embeddable":true,"href":"https:\/\/www.elgatambbotes.com\/fr\/wp-json\/wp\/v2\/media\/25712"}],"wp:attachment":[{"href":"https:\/\/www.elgatambbotes.com\/fr\/wp-json\/wp\/v2\/media?parent=25700"}],"wp:term":[{"taxonomy":"product_brand","embeddable":true,"href":"https:\/\/www.elgatambbotes.com\/fr\/wp-json\/wp\/v2\/product_brand?post=25700"},{"taxonomy":"product_cat","embeddable":true,"href":"https:\/\/www.elgatambbotes.com\/fr\/wp-json\/wp\/v2\/product_cat?post=25700"},{"taxonomy":"product_tag","embeddable":true,"href":"https:\/\/www.elgatambbotes.com\/fr\/wp-json\/wp\/v2\/product_tag?post=25700"},{"taxonomy":"giftcard-category","embeddable":true,"href":"https:\/\/www.elgatambbotes.com\/fr\/wp-json\/wp\/v2\/giftcard-category?post=25700"}],"curies":[{"name":"wp","href":"https:\/\/api.w.org\/{rel}","templated":true}]}}