{"id":25592,"date":"2026-04-28T13:31:30","date_gmt":"2026-04-28T11:31:30","guid":{"rendered":"https:\/\/www.elgatambbotes.com\/?post_type=product&#038;p=25592"},"modified":"2026-04-28T13:37:14","modified_gmt":"2026-04-28T11:37:14","slug":"stetson-2797301-western-buffalo-leather-brown","status":"publish","type":"product","link":"https:\/\/www.elgatambbotes.com\/fr\/producto\/complementos\/sombreros-cowboy\/stetson-2797301-western-buffalo-leather-brown\/","title":{"rendered":"STETSON 2797301 WESTERN BUFFALO LEATHER BROWN"},"content":{"rendered":"","protected":false},"excerpt":{"rendered":"<p class=\"translation-block\">Chapeau cowboy en <strong>v\u00e9ritable cuir de buffle d\u2019eau<\/strong>. Le style moderne <em>\u00ab pull up \u00bb<\/em>, qui conf\u00e8re au cuir nubuck un aspect bicolore avec effet us\u00e9, r\u00e9sulte d\u2019un traitement minutieux du mat\u00e9riau \u00e0 la paraffine et \u00e0 l\u2019huile.<\/p>\n<p class=\"translation-block\"><strong>Calotte Teardrop<\/strong> de 10 cm (env.) et bord de 7 cm (env.). <strong>Bandeau int\u00e9rieur<\/strong> textile tr\u00e8s doux et absorbant pour un meilleur confort et bord mall\u00e9able. D\u00e9cor\u00e9 avec une bande en cuir marron et l\u2019embl\u00e9matique pin m\u00e9tallique Stetson sur le c\u00f4t\u00e9 pour un charme western inspir\u00e9 du look cowboy classique.<\/p>","protected":false},"featured_media":25591,"template":"","meta":[],"product_brand":[154],"product_cat":[22,30,95],"product_tag":[],"giftcard-category":[],"class_list":{"0":"post-25592","1":"product","2":"type-product","3":"status-publish","4":"has-post-thumbnail","6":"product_brand-stetson","7":"product_cat-complementos","8":"product_cat-sombreros-cowboy","9":"product_cat-stetson","10":"pa_color-marron","11":"pa_talla-l","12":"pa_talla-m","13":"pa_talla-s","14":"pa_talla-xl","16":"first","17":"instock","18":"shipping-taxable","19":"purchasable","20":"product-type-variable"},"_links":{"self":[{"href":"https:\/\/www.elgatambbotes.com\/fr\/wp-json\/wp\/v2\/product\/25592","targetHints":{"allow":["GET"]}}],"collection":[{"href":"https:\/\/www.elgatambbotes.com\/fr\/wp-json\/wp\/v2\/product"}],"about":[{"href":"https:\/\/www.elgatambbotes.com\/fr\/wp-json\/wp\/v2\/types\/product"}],"wp:featuredmedia":[{"embeddable":true,"href":"https:\/\/www.elgatambbotes.com\/fr\/wp-json\/wp\/v2\/media\/25591"}],"wp:attachment":[{"href":"https:\/\/www.elgatambbotes.com\/fr\/wp-json\/wp\/v2\/media?parent=25592"}],"wp:term":[{"taxonomy":"product_brand","embeddable":true,"href":"https:\/\/www.elgatambbotes.com\/fr\/wp-json\/wp\/v2\/product_brand?post=25592"},{"taxonomy":"product_cat","embeddable":true,"href":"https:\/\/www.elgatambbotes.com\/fr\/wp-json\/wp\/v2\/product_cat?post=25592"},{"taxonomy":"product_tag","embeddable":true,"href":"https:\/\/www.elgatambbotes.com\/fr\/wp-json\/wp\/v2\/product_tag?post=25592"},{"taxonomy":"giftcard-category","embeddable":true,"href":"https:\/\/www.elgatambbotes.com\/fr\/wp-json\/wp\/v2\/giftcard-category?post=25592"}],"curies":[{"name":"wp","href":"https:\/\/api.w.org\/{rel}","templated":true}]}}