{"id":25515,"date":"2026-04-14T11:40:57","date_gmt":"2026-04-14T09:40:57","guid":{"rendered":"https:\/\/www.elgatambbotes.com\/?post_type=product&#038;p=25515"},"modified":"2026-04-14T11:59:31","modified_gmt":"2026-04-14T09:59:31","slug":"baseball-cap-mustang","status":"publish","type":"product","link":"https:\/\/www.elgatambbotes.com\/fr\/producto\/complementos\/bandanas-y-gorras\/baseball-cap-mustang\/","title":{"rendered":"Baseball Cap Mustang"},"content":{"rendered":"","protected":false},"excerpt":{"rendered":"<p data-start=\"0\" data-end=\"145\" class=\"translation-block\">La casquette <strong>Stetson<\/strong> est le reflet parfait du v\u00e9ritable style am\u00e9ricain, alliant caract\u00e8re, confort et design intemporel en un seul accessoire.<\/p>\n<p data-start=\"147\" data-end=\"316\" class=\"translation-block\">Avec son esth\u00e9tique de type <em>trucker<\/em> et son \u00e9cusson frontal distinctif, elle apporte de la personnalit\u00e9 \u00e0 n\u2019importe quel look, tout en garantissant un ajustement optimal gr\u00e2ce \u00e0 sa <strong data-start=\"295\" data-end=\"315\">taille ajustable <\/strong>(env. 56-60 cm).<\/p>\n<p data-start=\"318\" data-end=\"660\">Fabriqu\u00e9e avec des mat\u00e9riaux de qualit\u00e9 : 100 %% coton et polyester, elle offre l\u00e9g\u00e8ret\u00e9, respirabilit\u00e9 et confort tout au long de la journ\u00e9e. Elle est dot\u00e9e d'une visi\u00e8re de 7 cm de long et d'une hauteur de t\u00eate d'environ 8,5 cm, offrant une structure \u00e9quilibr\u00e9e et flatteuse.<\/p>\n<p data-start=\"662\" data-end=\"745\" data-is-last-node=\"\" data-is-only-node=\"\">Un choix s\u00fbr pour ceux qui recherchent un accessoire polyvalent avec sa propre identit\u00e9.<\/p>","protected":false},"featured_media":25496,"template":"","meta":[],"product_brand":[154],"product_cat":[204,22,95],"product_tag":[],"giftcard-category":[],"class_list":{"0":"post-25515","1":"product","2":"type-product","3":"status-publish","4":"has-post-thumbnail","6":"product_brand-stetson","7":"product_cat-bandanas-y-gorras","8":"product_cat-complementos","9":"product_cat-stetson","10":"pa_color-beige","11":"pa_color-marron","12":"pa_talla-unica","14":"first","15":"instock","16":"shipping-taxable","17":"purchasable","18":"product-type-variable"},"_links":{"self":[{"href":"https:\/\/www.elgatambbotes.com\/fr\/wp-json\/wp\/v2\/product\/25515","targetHints":{"allow":["GET"]}}],"collection":[{"href":"https:\/\/www.elgatambbotes.com\/fr\/wp-json\/wp\/v2\/product"}],"about":[{"href":"https:\/\/www.elgatambbotes.com\/fr\/wp-json\/wp\/v2\/types\/product"}],"wp:featuredmedia":[{"embeddable":true,"href":"https:\/\/www.elgatambbotes.com\/fr\/wp-json\/wp\/v2\/media\/25496"}],"wp:attachment":[{"href":"https:\/\/www.elgatambbotes.com\/fr\/wp-json\/wp\/v2\/media?parent=25515"}],"wp:term":[{"taxonomy":"product_brand","embeddable":true,"href":"https:\/\/www.elgatambbotes.com\/fr\/wp-json\/wp\/v2\/product_brand?post=25515"},{"taxonomy":"product_cat","embeddable":true,"href":"https:\/\/www.elgatambbotes.com\/fr\/wp-json\/wp\/v2\/product_cat?post=25515"},{"taxonomy":"product_tag","embeddable":true,"href":"https:\/\/www.elgatambbotes.com\/fr\/wp-json\/wp\/v2\/product_tag?post=25515"},{"taxonomy":"giftcard-category","embeddable":true,"href":"https:\/\/www.elgatambbotes.com\/fr\/wp-json\/wp\/v2\/giftcard-category?post=25515"}],"curies":[{"name":"wp","href":"https:\/\/api.w.org\/{rel}","templated":true}]}}