{"id":25079,"date":"2026-02-12T13:15:32","date_gmt":"2026-02-12T12:15:32","guid":{"rendered":"https:\/\/www.elgatambbotes.com\/?post_type=product&#038;p=25079"},"modified":"2026-05-05T12:15:05","modified_gmt":"2026-05-05T10:15:05","slug":"wrangler-camellia-112327595","status":"publish","type":"product","link":"https:\/\/www.elgatambbotes.com\/fr\/producto\/complementos\/denim-mujer\/wrangler-camellia-112327595\/","title":{"rendered":"Wrangler Camellia"},"content":{"rendered":"","protected":false},"excerpt":{"rendered":"<p class=\"translation-block\">Jeans <b>Wrangler<\/b> pour femme avec coupe bootcut en denim \u00e0 \u00e9lasticit\u00e9 moyenne. Ils sont fabriqu\u00e9s avec la technologie <i>Body Bespoke\u00ae<\/i> pour s\u2019adapter et mettre en valeur les courbes de tous les types de corps. Cinq poches, fermeture avant avec zip et bouton m\u00e9tallique. Les surpiq\u00fbres ton sur ton sur les poches arri\u00e8re, imitant le W de la marque, sont leur point distinctif. Finition 100 % sans produits chimiques.<\/p>\n<p class=\"translation-block\"><b>Composition :<\/b> 80 % Coton, 18 % Polyester, 2 % \u00c9lasthanne<\/p>\n<p class=\"translation-block\"><b>Instructions de lavage :<\/b> Laver en machine s\u00e9par\u00e9ment \u00e0 l\u2019eau froide avec des couleurs similaires.<\/p>","protected":false},"featured_media":24993,"template":"","meta":[],"product_brand":[159],"product_cat":[22,78,201],"product_tag":[],"giftcard-category":[],"class_list":{"0":"post-25079","1":"product","2":"type-product","3":"status-publish","4":"has-post-thumbnail","6":"product_brand-wrangler","7":"product_cat-complementos","8":"product_cat-denim-mujer","9":"product_cat-wrangler-marcas","10":"pa_color-azul","11":"pa_largo-197","12":"pa_largo-196","13":"pa_talla-188","14":"pa_talla-162","15":"pa_talla-163","16":"pa_talla-164","17":"pa_talla-165","18":"pa_talla-166","19":"pa_talla-193","20":"pa_talla-194","21":"pa_talla-178","23":"first","24":"instock","25":"shipping-taxable","26":"purchasable","27":"product-type-variable"},"_links":{"self":[{"href":"https:\/\/www.elgatambbotes.com\/fr\/wp-json\/wp\/v2\/product\/25079","targetHints":{"allow":["GET"]}}],"collection":[{"href":"https:\/\/www.elgatambbotes.com\/fr\/wp-json\/wp\/v2\/product"}],"about":[{"href":"https:\/\/www.elgatambbotes.com\/fr\/wp-json\/wp\/v2\/types\/product"}],"wp:featuredmedia":[{"embeddable":true,"href":"https:\/\/www.elgatambbotes.com\/fr\/wp-json\/wp\/v2\/media\/24993"}],"wp:attachment":[{"href":"https:\/\/www.elgatambbotes.com\/fr\/wp-json\/wp\/v2\/media?parent=25079"}],"wp:term":[{"taxonomy":"product_brand","embeddable":true,"href":"https:\/\/www.elgatambbotes.com\/fr\/wp-json\/wp\/v2\/product_brand?post=25079"},{"taxonomy":"product_cat","embeddable":true,"href":"https:\/\/www.elgatambbotes.com\/fr\/wp-json\/wp\/v2\/product_cat?post=25079"},{"taxonomy":"product_tag","embeddable":true,"href":"https:\/\/www.elgatambbotes.com\/fr\/wp-json\/wp\/v2\/product_tag?post=25079"},{"taxonomy":"giftcard-category","embeddable":true,"href":"https:\/\/www.elgatambbotes.com\/fr\/wp-json\/wp\/v2\/giftcard-category?post=25079"}],"curies":[{"name":"wp","href":"https:\/\/api.w.org\/{rel}","templated":true}]}}