{"id":25073,"date":"2026-02-12T13:15:48","date_gmt":"2026-02-12T12:15:48","guid":{"rendered":"https:\/\/www.elgatambbotes.com\/?post_type=product&#038;p=25073"},"modified":"2026-02-12T13:15:48","modified_gmt":"2026-02-12T12:15:48","slug":"wrangler-western-shirt-112362744","status":"publish","type":"product","link":"https:\/\/www.elgatambbotes.com\/fr\/producto\/complementos\/jeans-hombre\/wrangler-western-shirt-112362744\/","title":{"rendered":"Wrangler Western Shirt 112362744"},"content":{"rendered":"","protected":false},"excerpt":{"rendered":"<p class=\"translation-block\">Avec des racines dans l\u2019Ouest am\u00e9ricain, cette <b>chemise en jean Western<\/b> \u00e0 manches longues pr\u00e9sente une coupe regular et deux poches poitrine \u00e0 fermeture pression pour un look authentique.<\/p>\n<p>Confectionn\u00e9e en serg\u00e9 100 % coton, doux et confortable.<\/p>\n<p>Pratique et \u00e9l\u00e9gante, avec des boutons-pression sur le devant, des poignets \u00e9galement \u00e0 boutons-pression et des poches poitrine doubles.<\/p>\n<p class=\"translation-block\">Composition : 100 % Coton<\/p>\n<p class=\"translation-block\"><b>Instructions de lavage :<\/b> Laver en machine s\u00e9par\u00e9ment \u00e0 l\u2019eau froide avec des couleurs similaires.<\/p>","protected":false},"featured_media":25029,"template":"","meta":[],"product_brand":[159],"product_cat":[22,79,201],"product_tag":[],"giftcard-category":[],"class_list":{"0":"post-25073","1":"product","2":"type-product","3":"status-publish","4":"has-post-thumbnail","6":"product_brand-wrangler","7":"product_cat-complementos","8":"product_cat-jeans-hombre","9":"product_cat-wrangler-marcas","10":"pa_color-azul","11":"pa_talla-l","12":"pa_talla-m","13":"pa_talla-s","14":"pa_talla-xl","15":"pa_talla-xxl","17":"first","18":"instock","19":"shipping-taxable","20":"purchasable","21":"product-type-variable"},"_links":{"self":[{"href":"https:\/\/www.elgatambbotes.com\/fr\/wp-json\/wp\/v2\/product\/25073","targetHints":{"allow":["GET"]}}],"collection":[{"href":"https:\/\/www.elgatambbotes.com\/fr\/wp-json\/wp\/v2\/product"}],"about":[{"href":"https:\/\/www.elgatambbotes.com\/fr\/wp-json\/wp\/v2\/types\/product"}],"wp:featuredmedia":[{"embeddable":true,"href":"https:\/\/www.elgatambbotes.com\/fr\/wp-json\/wp\/v2\/media\/25029"}],"wp:attachment":[{"href":"https:\/\/www.elgatambbotes.com\/fr\/wp-json\/wp\/v2\/media?parent=25073"}],"wp:term":[{"taxonomy":"product_brand","embeddable":true,"href":"https:\/\/www.elgatambbotes.com\/fr\/wp-json\/wp\/v2\/product_brand?post=25073"},{"taxonomy":"product_cat","embeddable":true,"href":"https:\/\/www.elgatambbotes.com\/fr\/wp-json\/wp\/v2\/product_cat?post=25073"},{"taxonomy":"product_tag","embeddable":true,"href":"https:\/\/www.elgatambbotes.com\/fr\/wp-json\/wp\/v2\/product_tag?post=25073"},{"taxonomy":"giftcard-category","embeddable":true,"href":"https:\/\/www.elgatambbotes.com\/fr\/wp-json\/wp\/v2\/giftcard-category?post=25073"}],"curies":[{"name":"wp","href":"https:\/\/api.w.org\/{rel}","templated":true}]}}