{"id":25058,"date":"2026-02-12T13:16:02","date_gmt":"2026-02-12T12:16:02","guid":{"rendered":"https:\/\/www.elgatambbotes.com\/?post_type=product&#038;p=25058"},"modified":"2026-02-12T13:16:02","modified_gmt":"2026-02-12T12:16:02","slug":"wrangler-logo-tee-white-112350523","status":"publish","type":"product","link":"https:\/\/www.elgatambbotes.com\/fr\/producto\/complementos\/jeans-hombre\/wrangler-logo-tee-white-112350523\/","title":{"rendered":"Wrangler Logo Tee White 112350523"},"content":{"rendered":"","protected":false},"excerpt":{"rendered":"<p class=\"translation-block\">Le t-shirt avec logo<b> Wrangler<\/b>est un symbole de mode intemporelle, offrant une coupe regular confortable, parfaite pour un usage quotidien.<\/p>\n<p>Con\u00e7u pour offrir un confort sans effort, la coupe regular garantit une sensation d\u00e9contract\u00e9e sans compromettre le style.<\/p>\n<p>L\u2019embl\u00e9matique logo Wrangler ajoute une touche d\u2019authenticit\u00e9 \u00e0 votre tenue casual.<\/p>\n<p>Associez-le \u00e0 votre jean Wrangler pr\u00e9f\u00e9r\u00e9 pour cr\u00e9er un look frais et sans effort qui refl\u00e8te l\u2019h\u00e9ritage de la marque.<\/p>\n<p class=\"translation-block\">Composition : 100 % Coton<\/p>\n<p class=\"translation-block\"><b>Instructions de lavage :<\/b> Laver en machine s\u00e9par\u00e9ment \u00e0 l\u2019eau froide avec des couleurs similaires.<\/p>","protected":false},"featured_media":25019,"template":"","meta":[],"product_brand":[159],"product_cat":[22,79,201],"product_tag":[],"giftcard-category":[],"class_list":{"0":"post-25058","1":"product","2":"type-product","3":"status-publish","4":"has-post-thumbnail","6":"product_brand-wrangler","7":"product_cat-complementos","8":"product_cat-jeans-hombre","9":"product_cat-wrangler-marcas","10":"pa_color-azul","11":"pa_color-blanco","12":"pa_talla-l","13":"pa_talla-m","14":"pa_talla-s","15":"pa_talla-xl","16":"pa_talla-xxl","18":"first","19":"instock","20":"shipping-taxable","21":"purchasable","22":"product-type-variable"},"_links":{"self":[{"href":"https:\/\/www.elgatambbotes.com\/fr\/wp-json\/wp\/v2\/product\/25058","targetHints":{"allow":["GET"]}}],"collection":[{"href":"https:\/\/www.elgatambbotes.com\/fr\/wp-json\/wp\/v2\/product"}],"about":[{"href":"https:\/\/www.elgatambbotes.com\/fr\/wp-json\/wp\/v2\/types\/product"}],"wp:featuredmedia":[{"embeddable":true,"href":"https:\/\/www.elgatambbotes.com\/fr\/wp-json\/wp\/v2\/media\/25019"}],"wp:attachment":[{"href":"https:\/\/www.elgatambbotes.com\/fr\/wp-json\/wp\/v2\/media?parent=25058"}],"wp:term":[{"taxonomy":"product_brand","embeddable":true,"href":"https:\/\/www.elgatambbotes.com\/fr\/wp-json\/wp\/v2\/product_brand?post=25058"},{"taxonomy":"product_cat","embeddable":true,"href":"https:\/\/www.elgatambbotes.com\/fr\/wp-json\/wp\/v2\/product_cat?post=25058"},{"taxonomy":"product_tag","embeddable":true,"href":"https:\/\/www.elgatambbotes.com\/fr\/wp-json\/wp\/v2\/product_tag?post=25058"},{"taxonomy":"giftcard-category","embeddable":true,"href":"https:\/\/www.elgatambbotes.com\/fr\/wp-json\/wp\/v2\/giftcard-category?post=25058"}],"curies":[{"name":"wp","href":"https:\/\/api.w.org\/{rel}","templated":true}]}}