{"id":25046,"date":"2026-02-12T13:16:28","date_gmt":"2026-02-12T12:16:28","guid":{"rendered":"https:\/\/www.elgatambbotes.com\/?post_type=product&#038;p=25046"},"modified":"2026-05-05T12:14:10","modified_gmt":"2026-05-05T10:14:10","slug":"wrangler-logo-tee-black-112350526","status":"publish","type":"product","link":"https:\/\/www.elgatambbotes.com\/fr\/producto\/complementos\/denim-hombre\/wrangler-logo-tee-black-112350526\/","title":{"rendered":"T-shirt graphique Wrangler Noir"},"content":{"rendered":"","protected":false},"excerpt":{"rendered":"<p class=\"translation-block\">Le t-shirt avec logo<b> Wrangler<\/b>est un symbole de mode intemporelle, offrant une coupe regular confortable, parfaite pour un usage quotidien.<\/p>\n<p>Con\u00e7u pour offrir un confort sans effort, la coupe regular garantit une sensation d\u00e9contract\u00e9e sans compromettre le style.<\/p>\n<p>L\u2019embl\u00e9matique logo Wrangler ajoute une touche d\u2019authenticit\u00e9 \u00e0 votre tenue casual.<\/p>\n<p>Associez-le \u00e0 votre jean Wrangler pr\u00e9f\u00e9r\u00e9 pour cr\u00e9er un look frais et sans effort qui refl\u00e8te l\u2019h\u00e9ritage de la marque.<\/p>\n<p class=\"translation-block\">Composition : 100 % Coton<\/p>\n<p class=\"translation-block\"><b>Instructions de lavage :<\/b> Laver en machine s\u00e9par\u00e9ment \u00e0 l\u2019eau froide avec des couleurs similaires.<\/p>","protected":false},"featured_media":25013,"template":"","meta":[],"product_brand":[159],"product_cat":[22,79,201],"product_tag":[],"giftcard-category":[],"class_list":{"0":"post-25046","1":"product","2":"type-product","3":"status-publish","4":"has-post-thumbnail","6":"product_brand-wrangler","7":"product_cat-complementos","8":"product_cat-denim-hombre","9":"product_cat-wrangler-marcas","10":"pa_color-blanco","11":"pa_color-negro","12":"pa_talla-m","13":"pa_talla-s","14":"pa_talla-xl","15":"pa_talla-xxl","17":"first","18":"instock","19":"shipping-taxable","20":"purchasable","21":"product-type-variable"},"_links":{"self":[{"href":"https:\/\/www.elgatambbotes.com\/fr\/wp-json\/wp\/v2\/product\/25046","targetHints":{"allow":["GET"]}}],"collection":[{"href":"https:\/\/www.elgatambbotes.com\/fr\/wp-json\/wp\/v2\/product"}],"about":[{"href":"https:\/\/www.elgatambbotes.com\/fr\/wp-json\/wp\/v2\/types\/product"}],"wp:featuredmedia":[{"embeddable":true,"href":"https:\/\/www.elgatambbotes.com\/fr\/wp-json\/wp\/v2\/media\/25013"}],"wp:attachment":[{"href":"https:\/\/www.elgatambbotes.com\/fr\/wp-json\/wp\/v2\/media?parent=25046"}],"wp:term":[{"taxonomy":"product_brand","embeddable":true,"href":"https:\/\/www.elgatambbotes.com\/fr\/wp-json\/wp\/v2\/product_brand?post=25046"},{"taxonomy":"product_cat","embeddable":true,"href":"https:\/\/www.elgatambbotes.com\/fr\/wp-json\/wp\/v2\/product_cat?post=25046"},{"taxonomy":"product_tag","embeddable":true,"href":"https:\/\/www.elgatambbotes.com\/fr\/wp-json\/wp\/v2\/product_tag?post=25046"},{"taxonomy":"giftcard-category","embeddable":true,"href":"https:\/\/www.elgatambbotes.com\/fr\/wp-json\/wp\/v2\/giftcard-category?post=25046"}],"curies":[{"name":"wp","href":"https:\/\/api.w.org\/{rel}","templated":true}]}}