{"id":25040,"date":"2026-02-12T13:16:42","date_gmt":"2026-02-12T12:16:42","guid":{"rendered":"https:\/\/www.elgatambbotes.com\/?post_type=product&#038;p=25040"},"modified":"2026-05-05T12:13:57","modified_gmt":"2026-05-05T10:13:57","slug":"wrangler-greensboro-803-w15q74259","status":"publish","type":"product","link":"https:\/\/www.elgatambbotes.com\/fr\/producto\/complementos\/denim-hombre\/wrangler-greensboro-803-w15q74259\/","title":{"rendered":"Wrangler Greensboro 803"},"content":{"rendered":"","protected":false},"excerpt":{"rendered":"<p class=\"translation-block\">Le jean pour homme mod\u00e8le <b>Greensboro 803<\/b>, une r\u00e9invention du c\u00e9l\u00e8bre classique coupe droite de <b>Wrangler.<\/b> Con\u00e7u en coloris bleu et confectionn\u00e9 en coton avec ajout d\u2019\u00e9lasthanne pour offrir encore plus de flexibilit\u00e9 et de confort que son pr\u00e9d\u00e9cesseur. Coupe normale au niveau de la cuisse et jambe droite. Cinq poches et fermeture frontale par zip et bouton.<\/p>\n<p class=\"translation-block\"><b><i>Composition : <\/i><\/b><i>95 % Coton, 3 % \u00c9lastomultiester, 2 % \u00c9lasthanne<span class=\"Apple-converted-space\"> <\/span><\/i><\/p>\n<p class=\"translation-block\"><b>Instructions de lavage :<\/b> Laver en machine s\u00e9par\u00e9ment \u00e0 l\u2019eau froide avec des couleurs similaires.<\/p>","protected":false},"featured_media":25010,"template":"","meta":[],"product_brand":[159],"product_cat":[22,79,201],"product_tag":[],"giftcard-category":[],"class_list":{"0":"post-25040","1":"product","2":"type-product","3":"status-publish","4":"has-post-thumbnail","6":"product_brand-wrangler","7":"product_cat-complementos","8":"product_cat-denim-hombre","9":"product_cat-wrangler-marcas","10":"pa_color-azul","11":"pa_largo-196","12":"pa_talla-166","13":"pa_talla-193","14":"pa_talla-194","15":"pa_talla-178","17":"first","18":"instock","19":"shipping-taxable","20":"purchasable","21":"product-type-variable"},"_links":{"self":[{"href":"https:\/\/www.elgatambbotes.com\/fr\/wp-json\/wp\/v2\/product\/25040","targetHints":{"allow":["GET"]}}],"collection":[{"href":"https:\/\/www.elgatambbotes.com\/fr\/wp-json\/wp\/v2\/product"}],"about":[{"href":"https:\/\/www.elgatambbotes.com\/fr\/wp-json\/wp\/v2\/types\/product"}],"wp:featuredmedia":[{"embeddable":true,"href":"https:\/\/www.elgatambbotes.com\/fr\/wp-json\/wp\/v2\/media\/25010"}],"wp:attachment":[{"href":"https:\/\/www.elgatambbotes.com\/fr\/wp-json\/wp\/v2\/media?parent=25040"}],"wp:term":[{"taxonomy":"product_brand","embeddable":true,"href":"https:\/\/www.elgatambbotes.com\/fr\/wp-json\/wp\/v2\/product_brand?post=25040"},{"taxonomy":"product_cat","embeddable":true,"href":"https:\/\/www.elgatambbotes.com\/fr\/wp-json\/wp\/v2\/product_cat?post=25040"},{"taxonomy":"product_tag","embeddable":true,"href":"https:\/\/www.elgatambbotes.com\/fr\/wp-json\/wp\/v2\/product_tag?post=25040"},{"taxonomy":"giftcard-category","embeddable":true,"href":"https:\/\/www.elgatambbotes.com\/fr\/wp-json\/wp\/v2\/giftcard-category?post=25040"}],"curies":[{"name":"wp","href":"https:\/\/api.w.org\/{rel}","templated":true}]}}