{"id":25035,"date":"2026-02-12T13:16:55","date_gmt":"2026-02-12T12:16:55","guid":{"rendered":"https:\/\/www.elgatambbotes.com\/?post_type=product&#038;p=25035"},"modified":"2026-02-12T13:16:55","modified_gmt":"2026-02-12T12:16:55","slug":"wrangler-americana-tee-112371477","status":"publish","type":"product","link":"https:\/\/www.elgatambbotes.com\/fr\/producto\/complementos\/jeans-hombre\/wrangler-americana-tee-112371477\/","title":{"rendered":"Wrangler Americana Tee 112371477"},"content":{"rendered":"","protected":false},"excerpt":{"rendered":"<p class=\"translation-block\">Le t-shirt \u00e0 manches courtes <b>Americana<\/b> pr\u00e9sente une coupe regular, est confectionn\u00e9 en 100 % coton et arbore un graphique exclusif et accrocheur de roue de moto sur la poitrine \u00e0 l\u2019avant. Rendant hommage \u00e0 l\u2019h\u00e9ritage western, le t-shirt Americana \u00e0 manches courtes offre tout ce que vous attendez d\u2019un t-shirt <b>Wrangler<\/b> sur lequel vous pouvez toujours compter. Parfait pour tout programme d\u00e9contract\u00e9 ou improvis\u00e9, ce t-shirt est une option douce et respirante que vous pourrez porter toute l\u2019ann\u00e9e.<span class=\"Apple-converted-space\"> <\/span><\/p>\n<p class=\"translation-block\">Composition : 100 % Coton<\/p>\n<p class=\"translation-block\"><b>Instructions de lavage :<\/b> Laver en machine s\u00e9par\u00e9ment \u00e0 l\u2019eau froide avec des couleurs similaires.<\/p>","protected":false},"featured_media":25002,"template":"","meta":[],"product_brand":[159],"product_cat":[22,79,201],"product_tag":[],"giftcard-category":[],"class_list":{"0":"post-25035","1":"product","2":"type-product","3":"status-publish","4":"has-post-thumbnail","6":"product_brand-wrangler","7":"product_cat-complementos","8":"product_cat-jeans-hombre","9":"product_cat-wrangler-marcas","10":"pa_color-azul","11":"pa_color-blanco","12":"pa_talla-l","13":"pa_talla-m","14":"pa_talla-s","15":"pa_talla-xl","17":"first","18":"instock","19":"shipping-taxable","20":"purchasable","21":"product-type-variable"},"_links":{"self":[{"href":"https:\/\/www.elgatambbotes.com\/fr\/wp-json\/wp\/v2\/product\/25035","targetHints":{"allow":["GET"]}}],"collection":[{"href":"https:\/\/www.elgatambbotes.com\/fr\/wp-json\/wp\/v2\/product"}],"about":[{"href":"https:\/\/www.elgatambbotes.com\/fr\/wp-json\/wp\/v2\/types\/product"}],"wp:featuredmedia":[{"embeddable":true,"href":"https:\/\/www.elgatambbotes.com\/fr\/wp-json\/wp\/v2\/media\/25002"}],"wp:attachment":[{"href":"https:\/\/www.elgatambbotes.com\/fr\/wp-json\/wp\/v2\/media?parent=25035"}],"wp:term":[{"taxonomy":"product_brand","embeddable":true,"href":"https:\/\/www.elgatambbotes.com\/fr\/wp-json\/wp\/v2\/product_brand?post=25035"},{"taxonomy":"product_cat","embeddable":true,"href":"https:\/\/www.elgatambbotes.com\/fr\/wp-json\/wp\/v2\/product_cat?post=25035"},{"taxonomy":"product_tag","embeddable":true,"href":"https:\/\/www.elgatambbotes.com\/fr\/wp-json\/wp\/v2\/product_tag?post=25035"},{"taxonomy":"giftcard-category","embeddable":true,"href":"https:\/\/www.elgatambbotes.com\/fr\/wp-json\/wp\/v2\/giftcard-category?post=25035"}],"curies":[{"name":"wp","href":"https:\/\/api.w.org\/{rel}","templated":true}]}}