{"id":24878,"date":"2026-02-02T12:52:03","date_gmt":"2026-02-02T11:52:03","guid":{"rendered":"https:\/\/www.elgatambbotes.com\/?post_type=product&#038;p=24878"},"modified":"2026-03-20T12:54:33","modified_gmt":"2026-03-20T11:54:33","slug":"mayura-1444-pull-grass-negro","status":"publish","type":"product","link":"https:\/\/www.elgatambbotes.com\/fr\/producto\/hombre\/botas-biker-hombre\/mayura-1444-pull-grass-negro\/","title":{"rendered":"Mayura 1444 Pull Grass Negro"},"content":{"rendered":"","protected":false},"excerpt":{"rendered":"<p>Bottines \u00e0 bout carr\u00e9 <strong>Mayura Boots<\/strong> pour homme, avec harnais et \u00e9lastiques pour un ajustement parfait \u00e0 la cheville. R\u00e9alis\u00e9es en cuir de vachette usag\u00e9 et travaill\u00e9es \u00e0 la main pour obtenir l'aspect original et caract\u00e9ristique de la marque. Avec une semelle int\u00e9rieure et un cuir souple, elles sont tr\u00e8s confortables pour marcher et permettent d'utiliser la botte au quotidien. Fabriqu\u00e9es \u00e0 la main avec un syst\u00e8me de couture. <b>Goodyear<\/b>, et une semelle interm\u00e9diaire en caoutchouc antid\u00e9rapant pour vous prot\u00e9ger de l'eau et de l'humidit\u00e9.<\/p>","protected":false},"featured_media":24870,"template":"","meta":[],"product_brand":[152],"product_cat":[21,76,97],"product_tag":[],"giftcard-category":[],"class_list":{"0":"post-24878","1":"product","2":"type-product","3":"status-publish","4":"has-post-thumbnail","6":"product_brand-mayura-boots","7":"product_cat-botas-biker-hombre","8":"product_cat-hombre","9":"product_cat-mayura-boots","10":"pa_color-negro","11":"pa_talla-104","12":"pa_talla-105","13":"pa_talla-106","14":"pa_talla-107","15":"pa_talla-108","16":"pa_talla-109","17":"pa_talla-130","19":"first","20":"instock","21":"shipping-taxable","22":"purchasable","23":"product-type-variable"},"_links":{"self":[{"href":"https:\/\/www.elgatambbotes.com\/fr\/wp-json\/wp\/v2\/product\/24878","targetHints":{"allow":["GET"]}}],"collection":[{"href":"https:\/\/www.elgatambbotes.com\/fr\/wp-json\/wp\/v2\/product"}],"about":[{"href":"https:\/\/www.elgatambbotes.com\/fr\/wp-json\/wp\/v2\/types\/product"}],"wp:featuredmedia":[{"embeddable":true,"href":"https:\/\/www.elgatambbotes.com\/fr\/wp-json\/wp\/v2\/media\/24870"}],"wp:attachment":[{"href":"https:\/\/www.elgatambbotes.com\/fr\/wp-json\/wp\/v2\/media?parent=24878"}],"wp:term":[{"taxonomy":"product_brand","embeddable":true,"href":"https:\/\/www.elgatambbotes.com\/fr\/wp-json\/wp\/v2\/product_brand?post=24878"},{"taxonomy":"product_cat","embeddable":true,"href":"https:\/\/www.elgatambbotes.com\/fr\/wp-json\/wp\/v2\/product_cat?post=24878"},{"taxonomy":"product_tag","embeddable":true,"href":"https:\/\/www.elgatambbotes.com\/fr\/wp-json\/wp\/v2\/product_tag?post=24878"},{"taxonomy":"giftcard-category","embeddable":true,"href":"https:\/\/www.elgatambbotes.com\/fr\/wp-json\/wp\/v2\/giftcard-category?post=24878"}],"curies":[{"name":"wp","href":"https:\/\/api.w.org\/{rel}","templated":true}]}}