{"id":24808,"date":"2026-01-30T13:33:13","date_gmt":"2026-01-30T12:33:13","guid":{"rendered":"https:\/\/www.elgatambbotes.com\/?post_type=product&#038;p=24808"},"modified":"2026-02-13T13:38:45","modified_gmt":"2026-02-13T12:38:45","slug":"chaqueta-piel-acolchada","status":"publish","type":"product","link":"https:\/\/www.elgatambbotes.com\/fr\/producto\/complementos\/denim-hombre\/chaqueta-piel-acolchada\/","title":{"rendered":"VESTE CUIR MATELASS\u00c9"},"content":{"rendered":"","protected":false},"excerpt":{"rendered":"<p>Cette veste en cuir est la d\u00e9finition du caract\u00e8re, de l\u2019\u00e9l\u00e9gance et de la fonctionnalit\u00e9 en une seule pi\u00e8ce.<\/p>\n<p class=\"translation-block\">Confectionn\u00e9e en <b>cuir v\u00e9ritable de haute qualit\u00e9<\/b>, elle pr\u00e9sente un design contemporain d\u2019inspiration urbaine qui transmet force et sophistication. Sa <b>finition noire intense<\/b> et sa <b>coupe structur\u00e9e<\/b> en font une pi\u00e8ce intemporelle, id\u00e9ale aussi bien pour le quotidien que pour des occasions plus sp\u00e9ciales.<\/p>\n<p class=\"translation-block\">Les <b>panneaux matelass\u00e9s aux \u00e9paules et aux manches<\/b> apportent non seulement une touche distinctive et moderne, mais renforcent \u00e9galement la sensation d\u2019exclusivit\u00e9 et de robustesse. La <b>fermeture frontale avec fermeture \u00e9clair m\u00e9tallique<\/b>, ainsi que ses <b>multiples poches zipp\u00e9es<\/b>, allient esth\u00e9tique et praticit\u00e9, offrant du confort sans renoncer au style.<\/p>\n<p class=\"translation-block\">C\u2019est une veste con\u00e7ue pour l\u2019homme qui valorise la <b>qualit\u00e9, la durabilit\u00e9 et l\u2019image<\/b>, quelqu\u2019un qui comprend qu\u2019un bon v\u00eatement n\u2019est pas une d\u00e9pense, mais un investissement. Parfaite pour ceux qui souhaitent se d\u00e9marquer avec discr\u00e9tion et assurance.<\/p>\n<p>Une pi\u00e8ce essentielle qui rehausse n'importe quelle tenue et refl\u00e8te la personnalit\u00e9, le leadership et le bon go\u00fbt.<\/p>\n<p><b>Attention :<\/b>\u00a0Ce v\u00eatement ne peut \u00eatre lav\u00e9 que par des entreprises comp\u00e9tentes dans le secteur.<\/p>\n<p class=\"translation-block\"><i><strong>*Note<\/strong> : Il est recommand\u00e9 de choisir une taille <\/i><span style=\"text-decoration: underline\"><i>au-dessus<\/i><\/span><i> de votre taille habituelle<\/i><\/p>","protected":false},"featured_media":24801,"template":"","meta":[],"product_brand":[],"product_cat":[22,79],"product_tag":[],"giftcard-category":[],"class_list":{"0":"post-24808","1":"product","2":"type-product","3":"status-publish","4":"has-post-thumbnail","6":"product_cat-complementos","7":"product_cat-denim-hombre","8":"pa_color-negro","9":"pa_talla-l","10":"pa_talla-xl","11":"pa_talla-xxl","12":"pa_talla-xxxl","14":"first","15":"instock","16":"shipping-taxable","17":"purchasable","18":"product-type-variable"},"_links":{"self":[{"href":"https:\/\/www.elgatambbotes.com\/fr\/wp-json\/wp\/v2\/product\/24808","targetHints":{"allow":["GET"]}}],"collection":[{"href":"https:\/\/www.elgatambbotes.com\/fr\/wp-json\/wp\/v2\/product"}],"about":[{"href":"https:\/\/www.elgatambbotes.com\/fr\/wp-json\/wp\/v2\/types\/product"}],"wp:featuredmedia":[{"embeddable":true,"href":"https:\/\/www.elgatambbotes.com\/fr\/wp-json\/wp\/v2\/media\/24801"}],"wp:attachment":[{"href":"https:\/\/www.elgatambbotes.com\/fr\/wp-json\/wp\/v2\/media?parent=24808"}],"wp:term":[{"taxonomy":"product_brand","embeddable":true,"href":"https:\/\/www.elgatambbotes.com\/fr\/wp-json\/wp\/v2\/product_brand?post=24808"},{"taxonomy":"product_cat","embeddable":true,"href":"https:\/\/www.elgatambbotes.com\/fr\/wp-json\/wp\/v2\/product_cat?post=24808"},{"taxonomy":"product_tag","embeddable":true,"href":"https:\/\/www.elgatambbotes.com\/fr\/wp-json\/wp\/v2\/product_tag?post=24808"},{"taxonomy":"giftcard-category","embeddable":true,"href":"https:\/\/www.elgatambbotes.com\/fr\/wp-json\/wp\/v2\/giftcard-category?post=24808"}],"curies":[{"name":"wp","href":"https:\/\/api.w.org\/{rel}","templated":true}]}}