{"id":24770,"date":"2026-01-12T11:15:06","date_gmt":"2026-01-12T10:15:06","guid":{"rendered":"https:\/\/www.elgatambbotes.com\/?post_type=product&#038;p=24770"},"modified":"2026-02-13T13:30:29","modified_gmt":"2026-02-13T12:30:29","slug":"descalzador-de-plastico","status":"publish","type":"product","link":"https:\/\/www.elgatambbotes.com\/fr\/producto\/complementos\/accesorios-botas\/descalzador-de-plastico\/","title":{"rendered":"Chaussem-pied en plastique"},"content":{"rendered":"","protected":false},"excerpt":{"rendered":"<p class=\"translation-block\"><strong>Chausse-pied en plastique<\/strong> avec rebord en caoutchouc. L\u2019accessoire id\u00e9al pour enlever vos bottes.<\/p>\n<p class=\"translation-block\"><span style=\"text-decoration: underline\">Mode d\u2019emploi<\/span> : Placer le chausse-pied au sol. Maintenir le chausse-pied avec un pied sur la surface, puis ins\u00e9rer la botte dans la partie ouverte et appuyer sur le talon, en faisant attention de ne pas coincer le talon de la botte, l\u00e9g\u00e8rement au-dessus. Enfin, il suffit de retirer le pied vers le haut, la botte restant fix\u00e9e dans la fourche du chausse-pied. Il est recommand\u00e9 de tirer doucement pour \u00e9viter que la botte ne s\u2019\u00e9chappe de la fourche et ne frappe la jambe qui tient le chausse-pied.<\/p>","protected":false},"featured_media":24769,"template":"","meta":[],"product_brand":[],"product_cat":[22,77],"product_tag":[],"giftcard-category":[],"class_list":{"0":"post-24770","1":"product","2":"type-product","3":"status-publish","4":"has-post-thumbnail","6":"product_cat-complementos","7":"product_cat-accesorios-botas","8":"pa_talla-unica","10":"first","11":"instock","12":"shipping-taxable","13":"purchasable","14":"product-type-variable"},"_links":{"self":[{"href":"https:\/\/www.elgatambbotes.com\/fr\/wp-json\/wp\/v2\/product\/24770","targetHints":{"allow":["GET"]}}],"collection":[{"href":"https:\/\/www.elgatambbotes.com\/fr\/wp-json\/wp\/v2\/product"}],"about":[{"href":"https:\/\/www.elgatambbotes.com\/fr\/wp-json\/wp\/v2\/types\/product"}],"wp:featuredmedia":[{"embeddable":true,"href":"https:\/\/www.elgatambbotes.com\/fr\/wp-json\/wp\/v2\/media\/24769"}],"wp:attachment":[{"href":"https:\/\/www.elgatambbotes.com\/fr\/wp-json\/wp\/v2\/media?parent=24770"}],"wp:term":[{"taxonomy":"product_brand","embeddable":true,"href":"https:\/\/www.elgatambbotes.com\/fr\/wp-json\/wp\/v2\/product_brand?post=24770"},{"taxonomy":"product_cat","embeddable":true,"href":"https:\/\/www.elgatambbotes.com\/fr\/wp-json\/wp\/v2\/product_cat?post=24770"},{"taxonomy":"product_tag","embeddable":true,"href":"https:\/\/www.elgatambbotes.com\/fr\/wp-json\/wp\/v2\/product_tag?post=24770"},{"taxonomy":"giftcard-category","embeddable":true,"href":"https:\/\/www.elgatambbotes.com\/fr\/wp-json\/wp\/v2\/giftcard-category?post=24770"}],"curies":[{"name":"wp","href":"https:\/\/api.w.org\/{rel}","templated":true}]}}