{"id":24727,"date":"2026-01-07T13:37:17","date_gmt":"2026-01-07T12:37:17","guid":{"rendered":"https:\/\/www.elgatambbotes.com\/?post_type=product&#038;p=24727"},"modified":"2026-04-13T13:21:47","modified_gmt":"2026-04-13T11:21:47","slug":"miss-me-flower","status":"publish","type":"product","link":"https:\/\/www.elgatambbotes.com\/fr\/producto\/complementos\/denim-mujer\/miss-me-flower\/","title":{"rendered":"Fleur qui me manque"},"content":{"rendered":"","protected":false},"excerpt":{"rendered":"<p class=\"translation-block\"><b>Jeans bootcut fonc\u00e9 et taille moyenne.<\/b> D\u00e9corations de motifs floraux sur les poches arri\u00e8re et avant avec une broderie brillante. Sequins et rivets en strass. Mod\u00e8le 5 poches.<\/p>\n<p><b>Composition: <\/b>99% Coton,1% Spandex<\/p>\n<p><b>Instructions de lavage:<\/b> Laver en machine, \u00e0 l'envers, s\u00e9par\u00e9ment \u00e0 l'eau froide avec des couleurs similaires.<\/p>\n<p><b>Longueur de l'entrejambe :<\/b> 34\u2033 (86 cm)<\/p>","protected":false},"featured_media":24699,"template":"","meta":[],"product_brand":[157],"product_cat":[22,78,92],"product_tag":[],"giftcard-category":[],"class_list":{"0":"post-24727","1":"product","2":"type-product","3":"status-publish","4":"has-post-thumbnail","6":"product_brand-miss-me-jeans","7":"product_cat-complementos","8":"product_cat-denim-mujer","9":"product_cat-miss-me-jeans","10":"pa_color-azul","11":"pa_color-jeans","12":"pa_talla-162","13":"pa_talla-163","14":"pa_talla-164","15":"pa_talla-165","16":"pa_talla-166","17":"pa_talla-193","19":"first","20":"instock","21":"shipping-taxable","22":"purchasable","23":"product-type-variable"},"_links":{"self":[{"href":"https:\/\/www.elgatambbotes.com\/fr\/wp-json\/wp\/v2\/product\/24727","targetHints":{"allow":["GET"]}}],"collection":[{"href":"https:\/\/www.elgatambbotes.com\/fr\/wp-json\/wp\/v2\/product"}],"about":[{"href":"https:\/\/www.elgatambbotes.com\/fr\/wp-json\/wp\/v2\/types\/product"}],"wp:featuredmedia":[{"embeddable":true,"href":"https:\/\/www.elgatambbotes.com\/fr\/wp-json\/wp\/v2\/media\/24699"}],"wp:attachment":[{"href":"https:\/\/www.elgatambbotes.com\/fr\/wp-json\/wp\/v2\/media?parent=24727"}],"wp:term":[{"taxonomy":"product_brand","embeddable":true,"href":"https:\/\/www.elgatambbotes.com\/fr\/wp-json\/wp\/v2\/product_brand?post=24727"},{"taxonomy":"product_cat","embeddable":true,"href":"https:\/\/www.elgatambbotes.com\/fr\/wp-json\/wp\/v2\/product_cat?post=24727"},{"taxonomy":"product_tag","embeddable":true,"href":"https:\/\/www.elgatambbotes.com\/fr\/wp-json\/wp\/v2\/product_tag?post=24727"},{"taxonomy":"giftcard-category","embeddable":true,"href":"https:\/\/www.elgatambbotes.com\/fr\/wp-json\/wp\/v2\/giftcard-category?post=24727"}],"curies":[{"name":"wp","href":"https:\/\/api.w.org\/{rel}","templated":true}]}}