{"id":24715,"date":"2026-01-08T13:20:31","date_gmt":"2026-01-08T12:20:31","guid":{"rendered":"https:\/\/www.elgatambbotes.com\/?post_type=product&#038;p=24715"},"modified":"2026-04-03T13:14:34","modified_gmt":"2026-04-03T11:14:34","slug":"miss-me-black-bull","status":"publish","type":"product","link":"https:\/\/www.elgatambbotes.com\/fr\/producto\/complementos\/denim-mujer\/miss-me-black-bull\/","title":{"rendered":"Miss Me Black Bull"},"content":{"rendered":"","protected":false},"excerpt":{"rendered":"<p class=\"translation-block\"><b>Jeans bootcut non d\u00e9lav\u00e9s et taille moyenne.<\/b> T\u00eate de taureau en relief simili cuir contrast\u00e9 et broderie brillante. Sequins et rivets en strass. Mod\u00e8le 5 poches.<\/p>\n<p><b>Composition: <\/b>70% Coton, 20% Polyester, 8% Viscose, 2% Spandex<\/p>\n<p><b>Instructions de lavage:<\/b> Laver en machine, \u00e0 l'envers, s\u00e9par\u00e9ment \u00e0 l'eau froide avec des couleurs similaires sur un cycle d\u00e9licat.<\/p>\n<p><b>Longueur de l'entrejambe :<\/b> 34\u2033 (86 cm)<\/p>","protected":false},"featured_media":24693,"template":"","meta":[],"product_brand":[157],"product_cat":[22,78,92],"product_tag":[],"giftcard-category":[],"class_list":{"0":"post-24715","1":"product","2":"type-product","3":"status-publish","4":"has-post-thumbnail","6":"product_brand-miss-me-jeans","7":"product_cat-complementos","8":"product_cat-denim-mujer","9":"product_cat-miss-me-jeans","10":"pa_color-jeans","11":"pa_color-negro","12":"pa_talla-162","13":"pa_talla-163","14":"pa_talla-164","15":"pa_talla-165","16":"pa_talla-166","17":"pa_talla-193","19":"first","20":"instock","21":"shipping-taxable","22":"purchasable","23":"product-type-variable"},"_links":{"self":[{"href":"https:\/\/www.elgatambbotes.com\/fr\/wp-json\/wp\/v2\/product\/24715","targetHints":{"allow":["GET"]}}],"collection":[{"href":"https:\/\/www.elgatambbotes.com\/fr\/wp-json\/wp\/v2\/product"}],"about":[{"href":"https:\/\/www.elgatambbotes.com\/fr\/wp-json\/wp\/v2\/types\/product"}],"wp:featuredmedia":[{"embeddable":true,"href":"https:\/\/www.elgatambbotes.com\/fr\/wp-json\/wp\/v2\/media\/24693"}],"wp:attachment":[{"href":"https:\/\/www.elgatambbotes.com\/fr\/wp-json\/wp\/v2\/media?parent=24715"}],"wp:term":[{"taxonomy":"product_brand","embeddable":true,"href":"https:\/\/www.elgatambbotes.com\/fr\/wp-json\/wp\/v2\/product_brand?post=24715"},{"taxonomy":"product_cat","embeddable":true,"href":"https:\/\/www.elgatambbotes.com\/fr\/wp-json\/wp\/v2\/product_cat?post=24715"},{"taxonomy":"product_tag","embeddable":true,"href":"https:\/\/www.elgatambbotes.com\/fr\/wp-json\/wp\/v2\/product_tag?post=24715"},{"taxonomy":"giftcard-category","embeddable":true,"href":"https:\/\/www.elgatambbotes.com\/fr\/wp-json\/wp\/v2\/giftcard-category?post=24715"}],"curies":[{"name":"wp","href":"https:\/\/api.w.org\/{rel}","templated":true}]}}