{"id":24659,"date":"2026-01-15T12:56:41","date_gmt":"2026-01-15T11:56:41","guid":{"rendered":"https:\/\/www.elgatambbotes.com\/?post_type=product&#038;p=24659"},"modified":"2026-05-05T12:18:10","modified_gmt":"2026-05-05T10:18:10","slug":"lee-sherpa-jacket-warm-cider-112355888","status":"publish","type":"product","link":"https:\/\/www.elgatambbotes.com\/fr\/producto\/complementos\/denim-hombre\/lee-sherpa-jacket-warm-cider-112355888\/","title":{"rendered":"Veste Sherpa Lee Cider Chaud"},"content":{"rendered":"","protected":false},"excerpt":{"rendered":"<p class=\"translation-block\">La veste en jean <b>Sherpa<\/b> pour homme est un classique qui ne se d\u00e9modera jamais. La doublure et le col sherpa apportent davantage de chaleur et de confort pour les journ\u00e9es les plus froides. Ses <b>quatre poches<\/b> et ses boutons m\u00e9talliques compl\u00e8tent le v\u00eatement, r\u00e9affirmant l\u2019engagement de la marque envers le design classique des pi\u00e8ces en denim.<\/p>\n<p><b>Composition:\u00a0<\/b>99% Coton, 1% Elasthanne<span class=\"Apple-converted-space\">\u00a0<\/span><\/p>\n<p class=\"translation-block\"><b>Instructions de lavage :<\/b> Laver en machine s\u00e9par\u00e9ment \u00e0 l\u2019eau froide avec des couleurs similaires.<\/p>","protected":false},"featured_media":24646,"template":"","meta":[],"product_brand":[158],"product_cat":[22,79,93],"product_tag":[],"giftcard-category":[],"class_list":{"0":"post-24659","1":"product","2":"type-product","3":"status-publish","4":"has-post-thumbnail","6":"product_brand-lee","7":"product_cat-complementos","8":"product_cat-denim-hombre","9":"product_cat-lee","10":"pa_color-azul","11":"pa_color-blanco","12":"pa_talla-s","13":"pa_talla-xl","14":"pa_talla-xxl","16":"first","17":"instock","18":"shipping-taxable","19":"purchasable","20":"product-type-variable"},"_links":{"self":[{"href":"https:\/\/www.elgatambbotes.com\/fr\/wp-json\/wp\/v2\/product\/24659","targetHints":{"allow":["GET"]}}],"collection":[{"href":"https:\/\/www.elgatambbotes.com\/fr\/wp-json\/wp\/v2\/product"}],"about":[{"href":"https:\/\/www.elgatambbotes.com\/fr\/wp-json\/wp\/v2\/types\/product"}],"wp:featuredmedia":[{"embeddable":true,"href":"https:\/\/www.elgatambbotes.com\/fr\/wp-json\/wp\/v2\/media\/24646"}],"wp:attachment":[{"href":"https:\/\/www.elgatambbotes.com\/fr\/wp-json\/wp\/v2\/media?parent=24659"}],"wp:term":[{"taxonomy":"product_brand","embeddable":true,"href":"https:\/\/www.elgatambbotes.com\/fr\/wp-json\/wp\/v2\/product_brand?post=24659"},{"taxonomy":"product_cat","embeddable":true,"href":"https:\/\/www.elgatambbotes.com\/fr\/wp-json\/wp\/v2\/product_cat?post=24659"},{"taxonomy":"product_tag","embeddable":true,"href":"https:\/\/www.elgatambbotes.com\/fr\/wp-json\/wp\/v2\/product_tag?post=24659"},{"taxonomy":"giftcard-category","embeddable":true,"href":"https:\/\/www.elgatambbotes.com\/fr\/wp-json\/wp\/v2\/giftcard-category?post=24659"}],"curies":[{"name":"wp","href":"https:\/\/api.w.org\/{rel}","templated":true}]}}