{"id":24590,"date":"2026-01-15T13:01:40","date_gmt":"2026-01-15T12:01:40","guid":{"rendered":"https:\/\/www.elgatambbotes.com\/?post_type=product&#038;p=24590"},"modified":"2026-05-05T12:17:54","modified_gmt":"2026-05-05T10:17:54","slug":"leon-cement-112356581","status":"publish","type":"product","link":"https:\/\/www.elgatambbotes.com\/fr\/producto\/complementos\/denim-hombre\/leon-cement-112356581\/","title":{"rendered":"Ciment Lee Leon"},"content":{"rendered":"","protected":false},"excerpt":{"rendered":"<p class=\"translation-block\">Jean <b>Lee Leon<\/b> pour homme de couleur <i>Cement<\/i>, un \u00e9l\u00e9gant ton gris \u00e0 effet d\u00e9lav\u00e9. Il pr\u00e9sente une <b>coupe bootcut<\/b> avec une coupe regular et une taille mi-haute, id\u00e9ale pour un style classique et polyvalent. Confectionn\u00e9 en denim r\u00e9sistant avec une l\u00e9g\u00e8re touche d\u2019\u00e9lasticit\u00e9 pour plus de confort, il est dot\u00e9 d\u2019une fermeture zipp\u00e9e et d\u2019un design traditionnel \u00e0 <b>cinq poches<\/b>, parfait pour le quotidien avec un look authentique et intemporel.<\/p>\n<p><b>Composition:\u00a0<\/b>99% Coton, 1% Elasthanne<span class=\"Apple-converted-space\">\u00a0<\/span><\/p>\n<p class=\"translation-block\"><b>Instructions de lavage :<\/b> Laver en machine s\u00e9par\u00e9ment \u00e0 l\u2019eau froide avec des couleurs similaires.<\/p>","protected":false},"featured_media":24627,"template":"","meta":[],"product_brand":[158],"product_cat":[79,93],"product_tag":[],"giftcard-category":[],"class_list":{"0":"post-24590","1":"product","2":"type-product","3":"status-publish","4":"has-post-thumbnail","6":"product_brand-lee","7":"product_cat-denim-hombre","8":"product_cat-lee","9":"pa_color-gris","10":"pa_largo-197","11":"pa_largo-196","12":"pa_talla-165","13":"pa_talla-195","14":"pa_talla-178","16":"first","17":"instock","18":"shipping-taxable","19":"purchasable","20":"product-type-variable"},"_links":{"self":[{"href":"https:\/\/www.elgatambbotes.com\/fr\/wp-json\/wp\/v2\/product\/24590","targetHints":{"allow":["GET"]}}],"collection":[{"href":"https:\/\/www.elgatambbotes.com\/fr\/wp-json\/wp\/v2\/product"}],"about":[{"href":"https:\/\/www.elgatambbotes.com\/fr\/wp-json\/wp\/v2\/types\/product"}],"wp:featuredmedia":[{"embeddable":true,"href":"https:\/\/www.elgatambbotes.com\/fr\/wp-json\/wp\/v2\/media\/24627"}],"wp:attachment":[{"href":"https:\/\/www.elgatambbotes.com\/fr\/wp-json\/wp\/v2\/media?parent=24590"}],"wp:term":[{"taxonomy":"product_brand","embeddable":true,"href":"https:\/\/www.elgatambbotes.com\/fr\/wp-json\/wp\/v2\/product_brand?post=24590"},{"taxonomy":"product_cat","embeddable":true,"href":"https:\/\/www.elgatambbotes.com\/fr\/wp-json\/wp\/v2\/product_cat?post=24590"},{"taxonomy":"product_tag","embeddable":true,"href":"https:\/\/www.elgatambbotes.com\/fr\/wp-json\/wp\/v2\/product_tag?post=24590"},{"taxonomy":"giftcard-category","embeddable":true,"href":"https:\/\/www.elgatambbotes.com\/fr\/wp-json\/wp\/v2\/giftcard-category?post=24590"}],"curies":[{"name":"wp","href":"https:\/\/api.w.org\/{rel}","templated":true}]}}