{"id":24560,"date":"2026-01-15T13:20:36","date_gmt":"2026-01-15T12:20:36","guid":{"rendered":"https:\/\/www.elgatambbotes.com\/?post_type=product&#038;p=24560"},"modified":"2026-05-05T12:16:39","modified_gmt":"2026-05-05T10:16:39","slug":"jessica-bootcut-true-to-black-112355548","status":"publish","type":"product","link":"https:\/\/www.elgatambbotes.com\/fr\/producto\/complementos\/denim-mujer\/jessica-bootcut-true-to-black-112355548\/","title":{"rendered":"Lee Jessica Bootcut True To Black"},"content":{"rendered":"","protected":false},"excerpt":{"rendered":"<p class=\"translation-block\">Le jean <b>Jessica Bootcut<\/b> \u00e0 taille basse, avec une coupe flatteuse qui \u00e9pouse le corps et s\u2019ouvre \u00e0 la cheville, adoptant la forme iconique <b>bootcut<\/b>. Confectionn\u00e9 en denim l\u00e9ger et \u00e9lastique, qui \u00e9pouse votre corps en mettant en valeur vos courbes. Couleur noir lav\u00e9 <i>True to Black<\/i>, un ton sombre l\u00e9g\u00e8rement d\u00e9lav\u00e9 qui apporte de la d\u00e9finition au tissu. Le patch Lee en cuir embl\u00e9matique \u00e0 l\u2019arri\u00e8re et les boutons et rivets m\u00e9talliques compl\u00e8tent ce v\u00eatement l\u00e9gendaire.<\/p>\n<p><b>Composition:\u00a0<\/b>84% Coton, 14% Polyester, 2% Elasthanne<\/p>\n<p class=\"translation-block\"><b>Instructions de lavage :<\/b> Laver en machine s\u00e9par\u00e9ment \u00e0 l\u2019eau froide avec des couleurs similaires.<\/p>","protected":false},"featured_media":24576,"template":"","meta":[],"product_brand":[158],"product_cat":[22,78,93],"product_tag":[],"giftcard-category":[],"class_list":{"0":"post-24560","1":"product","2":"type-product","3":"status-publish","4":"has-post-thumbnail","6":"product_brand-lee","7":"product_cat-complementos","8":"product_cat-denim-mujer","9":"product_cat-lee","10":"pa_color-lavado","11":"pa_color-negro","12":"pa_largo-190","13":"pa_largo-191","14":"pa_largo-192","15":"pa_talla-161","16":"pa_talla-162","17":"pa_talla-163","18":"pa_talla-164","19":"pa_talla-165","21":"first","22":"instock","23":"shipping-taxable","24":"purchasable","25":"product-type-variable"},"_links":{"self":[{"href":"https:\/\/www.elgatambbotes.com\/fr\/wp-json\/wp\/v2\/product\/24560","targetHints":{"allow":["GET"]}}],"collection":[{"href":"https:\/\/www.elgatambbotes.com\/fr\/wp-json\/wp\/v2\/product"}],"about":[{"href":"https:\/\/www.elgatambbotes.com\/fr\/wp-json\/wp\/v2\/types\/product"}],"wp:featuredmedia":[{"embeddable":true,"href":"https:\/\/www.elgatambbotes.com\/fr\/wp-json\/wp\/v2\/media\/24576"}],"wp:attachment":[{"href":"https:\/\/www.elgatambbotes.com\/fr\/wp-json\/wp\/v2\/media?parent=24560"}],"wp:term":[{"taxonomy":"product_brand","embeddable":true,"href":"https:\/\/www.elgatambbotes.com\/fr\/wp-json\/wp\/v2\/product_brand?post=24560"},{"taxonomy":"product_cat","embeddable":true,"href":"https:\/\/www.elgatambbotes.com\/fr\/wp-json\/wp\/v2\/product_cat?post=24560"},{"taxonomy":"product_tag","embeddable":true,"href":"https:\/\/www.elgatambbotes.com\/fr\/wp-json\/wp\/v2\/product_tag?post=24560"},{"taxonomy":"giftcard-category","embeddable":true,"href":"https:\/\/www.elgatambbotes.com\/fr\/wp-json\/wp\/v2\/giftcard-category?post=24560"}],"curies":[{"name":"wp","href":"https:\/\/api.w.org\/{rel}","templated":true}]}}