{"id":24543,"date":"2026-01-15T13:16:27","date_gmt":"2026-01-15T12:16:27","guid":{"rendered":"https:\/\/www.elgatambbotes.com\/?post_type=product&#038;p=24543"},"modified":"2026-05-05T12:16:48","modified_gmt":"2026-05-05T10:16:48","slug":"breese-boot-black-rinse-l31tfs47","status":"publish","type":"product","link":"https:\/\/www.elgatambbotes.com\/fr\/producto\/complementos\/denim-mujer\/breese-boot-black-rinse-l31tfs47\/","title":{"rendered":"Lee Breese Cirage pour bottes noir"},"content":{"rendered":"","protected":false},"excerpt":{"rendered":"<p class=\"translation-block\">Le jean <b>Breese Boot<\/b> pr\u00e9sente une taille plus haute et une coupe plus ajust\u00e9e de la cuisse au genou, avant de s\u2019ouvrir l\u00e9g\u00e8rement avec la forme iconique <b>bootcut<\/b>. Confectionn\u00e9 en denim l\u00e9ger et \u00e9lastique, qui s\u2019adaptera \u00e0 votre corps avec le temps, mettant en valeur vos courbes de la mani\u00e8re la plus flatteuse. Couleur noir intense<span class=\"Apple-converted-space\"> <\/span>avec lavage <i>Black Rinse<\/i>, qui fait ressortir la structure du denim sans effets d\u00e9color\u00e9s. Les coutures avec fil noir, les boutons noirs et le patch avec logo noir \u00e0 l\u2019arri\u00e8re compl\u00e8tent le look.<\/p>\n<p><b>Composition:\u00a0<\/b>82% Coton, 16% Polyester, 2% Elasthanne<\/p>\n<p class=\"translation-block\"><b>Instructions de lavage :<\/b> Laver en machine s\u00e9par\u00e9ment \u00e0 l\u2019eau froide avec des couleurs similaires.<\/p>","protected":false},"featured_media":24554,"template":"","meta":[],"product_brand":[158],"product_cat":[22,78,93],"product_tag":[],"giftcard-category":[],"class_list":{"0":"post-24543","1":"product","2":"type-product","3":"status-publish","4":"has-post-thumbnail","6":"product_brand-lee","7":"product_cat-complementos","8":"product_cat-denim-mujer","9":"product_cat-lee","10":"pa_color-negro","11":"pa_talla-188","12":"pa_talla-161","13":"pa_talla-163","14":"pa_talla-164","15":"pa_talla-165","17":"first","18":"instock","19":"shipping-taxable","20":"purchasable","21":"product-type-variable"},"_links":{"self":[{"href":"https:\/\/www.elgatambbotes.com\/fr\/wp-json\/wp\/v2\/product\/24543","targetHints":{"allow":["GET"]}}],"collection":[{"href":"https:\/\/www.elgatambbotes.com\/fr\/wp-json\/wp\/v2\/product"}],"about":[{"href":"https:\/\/www.elgatambbotes.com\/fr\/wp-json\/wp\/v2\/types\/product"}],"wp:featuredmedia":[{"embeddable":true,"href":"https:\/\/www.elgatambbotes.com\/fr\/wp-json\/wp\/v2\/media\/24554"}],"wp:attachment":[{"href":"https:\/\/www.elgatambbotes.com\/fr\/wp-json\/wp\/v2\/media?parent=24543"}],"wp:term":[{"taxonomy":"product_brand","embeddable":true,"href":"https:\/\/www.elgatambbotes.com\/fr\/wp-json\/wp\/v2\/product_brand?post=24543"},{"taxonomy":"product_cat","embeddable":true,"href":"https:\/\/www.elgatambbotes.com\/fr\/wp-json\/wp\/v2\/product_cat?post=24543"},{"taxonomy":"product_tag","embeddable":true,"href":"https:\/\/www.elgatambbotes.com\/fr\/wp-json\/wp\/v2\/product_tag?post=24543"},{"taxonomy":"giftcard-category","embeddable":true,"href":"https:\/\/www.elgatambbotes.com\/fr\/wp-json\/wp\/v2\/giftcard-category?post=24543"}],"curies":[{"name":"wp","href":"https:\/\/api.w.org\/{rel}","templated":true}]}}