{"id":24536,"date":"2025-12-23T13:06:30","date_gmt":"2025-12-23T12:06:30","guid":{"rendered":"https:\/\/www.elgatambbotes.com\/?post_type=product&#038;p=24536"},"modified":"2026-02-13T13:28:01","modified_gmt":"2026-02-13T12:28:01","slug":"sendra-5052-box-bras-cuero-vacuno-marfil","status":"publish","type":"product","link":"https:\/\/www.elgatambbotes.com\/fr\/producto\/mujer\/botas-cowboy-mujer\/sendra-5052-box-bras-cuero-vacuno-marfil\/","title":{"rendered":"Sendra 5052 Box Bras Cuero Vacuno Marfil"},"content":{"rendered":"","protected":false},"excerpt":{"rendered":"<p class=\"translation-block\"><b>Sendra Boots<\/b> pour femmes, confectionn\u00e9es \u00e0 la main en cuir de vachette de haute qualit\u00e9. Leur \u00e9l\u00e9gant coloris marron se combine avec des <b>incrustations contrast\u00e9es<\/b> en ivoire et des coutures artisanales. Un design \u00e9l\u00e9gant et authentique qui allie caract\u00e8re western et confort, id\u00e9al pour sublimer n\u2019importe quel look avec personnalit\u00e9 et tradition. Semelle en cuir et montage <b>Goodyear<\/b>.<\/p>","protected":false},"featured_media":24540,"template":"","meta":[],"product_brand":[151],"product_cat":[82,25,98],"product_tag":[],"giftcard-category":[],"class_list":{"0":"post-24536","1":"product","2":"type-product","3":"status-publish","4":"has-post-thumbnail","6":"product_brand-sendra-boots","7":"product_cat-botas-cowboy-mujer","8":"product_cat-mujer","9":"product_cat-sendra-boots","10":"pa_color-marfil","11":"pa_color-marron","12":"pa_talla-100","13":"pa_talla-101","14":"pa_talla-103","16":"first","17":"instock","18":"shipping-taxable","19":"purchasable","20":"product-type-variable"},"_links":{"self":[{"href":"https:\/\/www.elgatambbotes.com\/fr\/wp-json\/wp\/v2\/product\/24536","targetHints":{"allow":["GET"]}}],"collection":[{"href":"https:\/\/www.elgatambbotes.com\/fr\/wp-json\/wp\/v2\/product"}],"about":[{"href":"https:\/\/www.elgatambbotes.com\/fr\/wp-json\/wp\/v2\/types\/product"}],"wp:featuredmedia":[{"embeddable":true,"href":"https:\/\/www.elgatambbotes.com\/fr\/wp-json\/wp\/v2\/media\/24540"}],"wp:attachment":[{"href":"https:\/\/www.elgatambbotes.com\/fr\/wp-json\/wp\/v2\/media?parent=24536"}],"wp:term":[{"taxonomy":"product_brand","embeddable":true,"href":"https:\/\/www.elgatambbotes.com\/fr\/wp-json\/wp\/v2\/product_brand?post=24536"},{"taxonomy":"product_cat","embeddable":true,"href":"https:\/\/www.elgatambbotes.com\/fr\/wp-json\/wp\/v2\/product_cat?post=24536"},{"taxonomy":"product_tag","embeddable":true,"href":"https:\/\/www.elgatambbotes.com\/fr\/wp-json\/wp\/v2\/product_tag?post=24536"},{"taxonomy":"giftcard-category","embeddable":true,"href":"https:\/\/www.elgatambbotes.com\/fr\/wp-json\/wp\/v2\/giftcard-category?post=24536"}],"curies":[{"name":"wp","href":"https:\/\/api.w.org\/{rel}","templated":true}]}}