{"id":24523,"date":"2025-12-23T12:36:18","date_gmt":"2025-12-23T11:36:18","guid":{"rendered":"https:\/\/www.elgatambbotes.com\/?post_type=product&#038;p=24523"},"modified":"2026-02-13T13:26:57","modified_gmt":"2026-02-13T12:26:57","slug":"sendra-2621-charro-negro","status":"publish","type":"product","link":"https:\/\/www.elgatambbotes.com\/fr\/producto\/mujer\/botas-biker-mujer\/sendra-2621-charro-negro\/","title":{"rendered":"Sendra 2621 Charro Negro"},"content":{"rendered":"","protected":false},"excerpt":{"rendered":"<p class=\"translation-block\"><b>Sendra Boots<\/b> pour femme style <i>Biker<\/i>, fabriqu\u00e9es \u00e0 la main en cuir de vachette de haute qualit\u00e9. \u00c9l\u00e9gante couleur noire brillante et coutures artisanales sur la tige et le cou-de-pied. Le <b>harnais cousu<\/b> et le bout carr\u00e9 apporteront une touche extr\u00eame \u00e0 vos looks. Semelle en cuir et couture <b>Goodyear<\/b>.<\/p>","protected":false},"featured_media":24486,"template":"","meta":[],"product_brand":[151],"product_cat":[84,25,98],"product_tag":[],"giftcard-category":[],"class_list":{"0":"post-24523","1":"product","2":"type-product","3":"status-publish","4":"has-post-thumbnail","6":"product_brand-sendra-boots","7":"product_cat-botas-biker-mujer","8":"product_cat-mujer","9":"product_cat-sendra-boots","10":"pa_color-negro","11":"pa_talla-100","12":"pa_talla-101","13":"pa_talla-102","14":"pa_talla-103","16":"first","17":"instock","18":"shipping-taxable","19":"purchasable","20":"product-type-variable"},"_links":{"self":[{"href":"https:\/\/www.elgatambbotes.com\/fr\/wp-json\/wp\/v2\/product\/24523","targetHints":{"allow":["GET"]}}],"collection":[{"href":"https:\/\/www.elgatambbotes.com\/fr\/wp-json\/wp\/v2\/product"}],"about":[{"href":"https:\/\/www.elgatambbotes.com\/fr\/wp-json\/wp\/v2\/types\/product"}],"wp:featuredmedia":[{"embeddable":true,"href":"https:\/\/www.elgatambbotes.com\/fr\/wp-json\/wp\/v2\/media\/24486"}],"wp:attachment":[{"href":"https:\/\/www.elgatambbotes.com\/fr\/wp-json\/wp\/v2\/media?parent=24523"}],"wp:term":[{"taxonomy":"product_brand","embeddable":true,"href":"https:\/\/www.elgatambbotes.com\/fr\/wp-json\/wp\/v2\/product_brand?post=24523"},{"taxonomy":"product_cat","embeddable":true,"href":"https:\/\/www.elgatambbotes.com\/fr\/wp-json\/wp\/v2\/product_cat?post=24523"},{"taxonomy":"product_tag","embeddable":true,"href":"https:\/\/www.elgatambbotes.com\/fr\/wp-json\/wp\/v2\/product_tag?post=24523"},{"taxonomy":"giftcard-category","embeddable":true,"href":"https:\/\/www.elgatambbotes.com\/fr\/wp-json\/wp\/v2\/giftcard-category?post=24523"}],"curies":[{"name":"wp","href":"https:\/\/api.w.org\/{rel}","templated":true}]}}