{"id":24517,"date":"2025-12-23T12:01:37","date_gmt":"2025-12-23T11:01:37","guid":{"rendered":"https:\/\/www.elgatambbotes.com\/?post_type=product&#038;p=24517"},"modified":"2026-02-13T13:26:34","modified_gmt":"2026-02-13T12:26:34","slug":"sendra-2073-nobuck-bras-gacela","status":"publish","type":"product","link":"https:\/\/www.elgatambbotes.com\/fr\/producto\/hombre\/botas-cowboy-hombre\/sendra-2073-nobuck-bras-gacela\/","title":{"rendered":"Sendra 2073 Nobuck Bras Gacela"},"content":{"rendered":"","protected":false},"excerpt":{"rendered":"<p class=\"translation-block\"><b>Sendra Boots<\/b> unisexe, confectionn\u00e9es \u00e0 la main en cuir de vache huil\u00e9 de haute qualit\u00e9 de ton naturel. Ses coutures classiques contrast\u00e9es sur le cou-de-pied et la tige apporteront une touche \u00e9l\u00e9gante \u00e0 vos looks les plus western. Pointe pointue et talon cubain, semelle en cuir et couture <b>Goodyear<\/b>.<\/p>","protected":false},"featured_media":24481,"template":"","meta":[],"product_brand":[151],"product_cat":[23,82,76,25,98],"product_tag":[],"giftcard-category":[],"class_list":{"0":"post-24517","1":"product","2":"type-product","3":"status-publish","4":"has-post-thumbnail","6":"product_brand-sendra-boots","7":"product_cat-botas-cowboy-hombre","8":"product_cat-botas-cowboy-mujer","9":"product_cat-hombre","10":"product_cat-mujer","11":"product_cat-sendra-boots","12":"pa_color-marron","13":"pa_talla-100","14":"pa_talla-101","15":"pa_talla-106","16":"pa_talla-109","17":"pa_talla-130","19":"first","20":"instock","21":"shipping-taxable","22":"purchasable","23":"product-type-variable"},"_links":{"self":[{"href":"https:\/\/www.elgatambbotes.com\/fr\/wp-json\/wp\/v2\/product\/24517","targetHints":{"allow":["GET"]}}],"collection":[{"href":"https:\/\/www.elgatambbotes.com\/fr\/wp-json\/wp\/v2\/product"}],"about":[{"href":"https:\/\/www.elgatambbotes.com\/fr\/wp-json\/wp\/v2\/types\/product"}],"wp:featuredmedia":[{"embeddable":true,"href":"https:\/\/www.elgatambbotes.com\/fr\/wp-json\/wp\/v2\/media\/24481"}],"wp:attachment":[{"href":"https:\/\/www.elgatambbotes.com\/fr\/wp-json\/wp\/v2\/media?parent=24517"}],"wp:term":[{"taxonomy":"product_brand","embeddable":true,"href":"https:\/\/www.elgatambbotes.com\/fr\/wp-json\/wp\/v2\/product_brand?post=24517"},{"taxonomy":"product_cat","embeddable":true,"href":"https:\/\/www.elgatambbotes.com\/fr\/wp-json\/wp\/v2\/product_cat?post=24517"},{"taxonomy":"product_tag","embeddable":true,"href":"https:\/\/www.elgatambbotes.com\/fr\/wp-json\/wp\/v2\/product_tag?post=24517"},{"taxonomy":"giftcard-category","embeddable":true,"href":"https:\/\/www.elgatambbotes.com\/fr\/wp-json\/wp\/v2\/giftcard-category?post=24517"}],"curies":[{"name":"wp","href":"https:\/\/api.w.org\/{rel}","templated":true}]}}