{"id":24390,"date":"2025-12-12T12:55:16","date_gmt":"2025-12-12T11:55:16","guid":{"rendered":"https:\/\/www.elgatambbotes.com\/?post_type=product&#038;p=24390"},"modified":"2026-03-20T12:37:50","modified_gmt":"2026-03-20T11:37:50","slug":"mayura-rock-2500-marron","status":"publish","type":"product","link":"https:\/\/www.elgatambbotes.com\/fr\/producto\/hombre\/botines-cowboy-hombre\/mayura-rock-2500-marron\/","title":{"rendered":"Mayura Rock 2500 Marron"},"content":{"rendered":"","protected":false},"excerpt":{"rendered":"<p class=\"translation-block\">Bottines <b>Mayura Boots<\/b> pour homme, confectionn\u00e9s en cuir de vachette et python naturel de coleur marron, au style vieilli et finition \u00e0 la main. \u00c9lastique sur la tige pour un plus grand confort lors de l\u2019enfilage et un ajustement parfait \u00e0 la cheville. Semelle en cuir et coutoures <b>Goodyear<\/b>.<\/p>","protected":false},"featured_media":24388,"template":"","meta":[],"product_brand":[152],"product_cat":[19,76,97],"product_tag":[],"giftcard-category":[],"class_list":{"0":"post-24390","1":"product","2":"type-product","3":"status-publish","4":"has-post-thumbnail","6":"product_brand-mayura-boots","7":"product_cat-botines-cowboy-hombre","8":"product_cat-hombre","9":"product_cat-mayura-boots","10":"pa_color-marron","11":"pa_color-piton","12":"pa_talla-103","13":"pa_talla-104","14":"pa_talla-105","15":"pa_talla-106","16":"pa_talla-107","17":"pa_talla-108","18":"pa_talla-109","19":"pa_talla-130","21":"first","22":"instock","23":"shipping-taxable","24":"purchasable","25":"product-type-variable"},"_links":{"self":[{"href":"https:\/\/www.elgatambbotes.com\/fr\/wp-json\/wp\/v2\/product\/24390","targetHints":{"allow":["GET"]}}],"collection":[{"href":"https:\/\/www.elgatambbotes.com\/fr\/wp-json\/wp\/v2\/product"}],"about":[{"href":"https:\/\/www.elgatambbotes.com\/fr\/wp-json\/wp\/v2\/types\/product"}],"wp:featuredmedia":[{"embeddable":true,"href":"https:\/\/www.elgatambbotes.com\/fr\/wp-json\/wp\/v2\/media\/24388"}],"wp:attachment":[{"href":"https:\/\/www.elgatambbotes.com\/fr\/wp-json\/wp\/v2\/media?parent=24390"}],"wp:term":[{"taxonomy":"product_brand","embeddable":true,"href":"https:\/\/www.elgatambbotes.com\/fr\/wp-json\/wp\/v2\/product_brand?post=24390"},{"taxonomy":"product_cat","embeddable":true,"href":"https:\/\/www.elgatambbotes.com\/fr\/wp-json\/wp\/v2\/product_cat?post=24390"},{"taxonomy":"product_tag","embeddable":true,"href":"https:\/\/www.elgatambbotes.com\/fr\/wp-json\/wp\/v2\/product_tag?post=24390"},{"taxonomy":"giftcard-category","embeddable":true,"href":"https:\/\/www.elgatambbotes.com\/fr\/wp-json\/wp\/v2\/giftcard-category?post=24390"}],"curies":[{"name":"wp","href":"https:\/\/api.w.org\/{rel}","templated":true}]}}