{"id":24378,"date":"2025-12-12T12:34:35","date_gmt":"2025-12-12T11:34:35","guid":{"rendered":"https:\/\/www.elgatambbotes.com\/?post_type=product&#038;p=24378"},"modified":"2026-02-13T13:23:38","modified_gmt":"2026-02-13T12:23:38","slug":"sendra-cuervo-moka","status":"publish","type":"product","link":"https:\/\/www.elgatambbotes.com\/fr\/producto\/hombre\/botas-cowboy-hombre\/sendra-cuervo-moka\/","title":{"rendered":"Sendra Cuervo Moka"},"content":{"rendered":"","protected":false},"excerpt":{"rendered":"<p class=\"translation-block\"><b>Sendra Boots<\/b> pour homme. Confectionn\u00e9es <b><\/b>\u00e0 la main en cuir de vachette de haute qualit\u00e9. Leur couleur <b>marron moka<\/b>, profonde et \u00e9l\u00e9gante, ainsi que les <b>broderies artisanales<\/b>, en font une pi\u00e8ce unique. Avec leur pointe effil\u00e9e et leur talon cubain, ce sont les bottes parfaites pour ceux qui recherchent qualit\u00e9, personnalit\u00e9 et v\u00e9ritable tradition cowboy. Semelle en cuir et couture <b>Goodyear<\/b>.<\/p>","protected":false},"featured_media":24376,"template":"","meta":[],"product_brand":[151],"product_cat":[23,98],"product_tag":[],"giftcard-category":[],"class_list":{"0":"post-24378","1":"product","2":"type-product","3":"status-publish","4":"has-post-thumbnail","6":"product_brand-sendra-boots","7":"product_cat-botas-cowboy-hombre","8":"product_cat-sendra-boots","9":"pa_color-marron","10":"pa_talla-104","11":"pa_talla-105","12":"pa_talla-106","13":"pa_talla-107","14":"pa_talla-108","15":"pa_talla-109","16":"pa_talla-130","18":"first","19":"instock","20":"sale","21":"shipping-taxable","22":"purchasable","23":"product-type-variable"},"_links":{"self":[{"href":"https:\/\/www.elgatambbotes.com\/fr\/wp-json\/wp\/v2\/product\/24378","targetHints":{"allow":["GET"]}}],"collection":[{"href":"https:\/\/www.elgatambbotes.com\/fr\/wp-json\/wp\/v2\/product"}],"about":[{"href":"https:\/\/www.elgatambbotes.com\/fr\/wp-json\/wp\/v2\/types\/product"}],"wp:featuredmedia":[{"embeddable":true,"href":"https:\/\/www.elgatambbotes.com\/fr\/wp-json\/wp\/v2\/media\/24376"}],"wp:attachment":[{"href":"https:\/\/www.elgatambbotes.com\/fr\/wp-json\/wp\/v2\/media?parent=24378"}],"wp:term":[{"taxonomy":"product_brand","embeddable":true,"href":"https:\/\/www.elgatambbotes.com\/fr\/wp-json\/wp\/v2\/product_brand?post=24378"},{"taxonomy":"product_cat","embeddable":true,"href":"https:\/\/www.elgatambbotes.com\/fr\/wp-json\/wp\/v2\/product_cat?post=24378"},{"taxonomy":"product_tag","embeddable":true,"href":"https:\/\/www.elgatambbotes.com\/fr\/wp-json\/wp\/v2\/product_tag?post=24378"},{"taxonomy":"giftcard-category","embeddable":true,"href":"https:\/\/www.elgatambbotes.com\/fr\/wp-json\/wp\/v2\/giftcard-category?post=24378"}],"curies":[{"name":"wp","href":"https:\/\/api.w.org\/{rel}","templated":true}]}}