{"id":24320,"date":"2025-12-09T11:39:16","date_gmt":"2025-12-09T10:39:16","guid":{"rendered":"https:\/\/www.elgatambbotes.com\/?post_type=product&#038;p=24320"},"modified":"2026-02-13T13:21:46","modified_gmt":"2026-02-13T12:21:46","slug":"dakota-52-01-negro","status":"publish","type":"product","link":"https:\/\/www.elgatambbotes.com\/fr\/producto\/hombre\/botas-camperas-hombre\/dakota-52-01-negro\/","title":{"rendered":"DAKOTA 52-01 NEGRO"},"content":{"rendered":"","protected":false},"excerpt":{"rendered":"<p class=\"translation-block\">Bottine \u00e9l\u00e9gante <b>Valverde del Camino<\/b> unisexe, fabriqu\u00e9e artisanalement en cuir de vachette de haute qualit\u00e9 de couleur noire. Sa <b>fermeture \u00e9clair<\/b> lat\u00e9rale pour un enfilage facile et le bout arrondi apportent confort et style \u00e0 ce design polyvalent et moderne, \u00e0 assortir avec n'importe quel look. Semelle en cuir cousue.<\/p>","protected":false},"featured_media":24291,"template":"","meta":[],"product_brand":[153],"product_cat":[81,86,96],"product_tag":[],"giftcard-category":[],"class_list":{"0":"post-24320","1":"product","2":"type-product","3":"status-publish","4":"has-post-thumbnail","6":"product_brand-valverde-del-camino","7":"product_cat-botas-camperas-hombre","8":"product_cat-botas-camperas-mujer","9":"product_cat-valverde-del-camino","10":"pa_color-negro","11":"pa_talla-102","12":"pa_talla-103","13":"pa_talla-104","14":"pa_talla-105","15":"pa_talla-106","16":"pa_talla-107","17":"pa_talla-108","18":"pa_talla-109","19":"pa_talla-130","21":"first","22":"instock","23":"shipping-taxable","24":"purchasable","25":"product-type-variable"},"_links":{"self":[{"href":"https:\/\/www.elgatambbotes.com\/fr\/wp-json\/wp\/v2\/product\/24320","targetHints":{"allow":["GET"]}}],"collection":[{"href":"https:\/\/www.elgatambbotes.com\/fr\/wp-json\/wp\/v2\/product"}],"about":[{"href":"https:\/\/www.elgatambbotes.com\/fr\/wp-json\/wp\/v2\/types\/product"}],"wp:featuredmedia":[{"embeddable":true,"href":"https:\/\/www.elgatambbotes.com\/fr\/wp-json\/wp\/v2\/media\/24291"}],"wp:attachment":[{"href":"https:\/\/www.elgatambbotes.com\/fr\/wp-json\/wp\/v2\/media?parent=24320"}],"wp:term":[{"taxonomy":"product_brand","embeddable":true,"href":"https:\/\/www.elgatambbotes.com\/fr\/wp-json\/wp\/v2\/product_brand?post=24320"},{"taxonomy":"product_cat","embeddable":true,"href":"https:\/\/www.elgatambbotes.com\/fr\/wp-json\/wp\/v2\/product_cat?post=24320"},{"taxonomy":"product_tag","embeddable":true,"href":"https:\/\/www.elgatambbotes.com\/fr\/wp-json\/wp\/v2\/product_tag?post=24320"},{"taxonomy":"giftcard-category","embeddable":true,"href":"https:\/\/www.elgatambbotes.com\/fr\/wp-json\/wp\/v2\/giftcard-category?post=24320"}],"curies":[{"name":"wp","href":"https:\/\/api.w.org\/{rel}","templated":true}]}}