{"id":24305,"date":"2025-12-09T11:24:41","date_gmt":"2025-12-09T10:24:41","guid":{"rendered":"https:\/\/www.elgatambbotes.com\/?post_type=product&#038;p=24305"},"modified":"2026-02-13T13:21:32","modified_gmt":"2026-02-13T12:21:32","slug":"dakota-52-01-castana","status":"publish","type":"product","link":"https:\/\/www.elgatambbotes.com\/fr\/producto\/hombre\/botas-camperas-hombre\/dakota-52-01-castana\/","title":{"rendered":"DAKOTA 52-01 CASTA\u00d1A"},"content":{"rendered":"","protected":false},"excerpt":{"rendered":"<p class=\"translation-block\">\u00c9l\u00e9gants bottines <b>Valverde del Camino<\/b> unisexes, fabriqu\u00e9es artisanalement en cuir de vachette de haute qualit\u00e9 dans une teinte marron. Leur <b>fermeture \u00e9clair<\/b> lat\u00e9rale offre un chaussage facile, tandis que leur bout arrondi apporte confort et style \u00e0 ce mod\u00e8le polyvalent et moderne, \u00e0 associer avec n\u2019importe quel look. Semelle en cuir cousue.<\/p>","protected":false},"featured_media":24297,"template":"","meta":[],"product_brand":[153],"product_cat":[81,86,96],"product_tag":[],"giftcard-category":[],"class_list":{"0":"post-24305","1":"product","2":"type-product","3":"status-publish","4":"has-post-thumbnail","6":"product_brand-valverde-del-camino","7":"product_cat-botas-camperas-hombre","8":"product_cat-botas-camperas-mujer","9":"product_cat-valverde-del-camino","10":"pa_color-marron","11":"pa_talla-102","12":"pa_talla-103","13":"pa_talla-104","14":"pa_talla-105","15":"pa_talla-106","16":"pa_talla-107","17":"pa_talla-108","18":"pa_talla-109","19":"pa_talla-130","21":"first","22":"instock","23":"shipping-taxable","24":"purchasable","25":"product-type-variable"},"_links":{"self":[{"href":"https:\/\/www.elgatambbotes.com\/fr\/wp-json\/wp\/v2\/product\/24305","targetHints":{"allow":["GET"]}}],"collection":[{"href":"https:\/\/www.elgatambbotes.com\/fr\/wp-json\/wp\/v2\/product"}],"about":[{"href":"https:\/\/www.elgatambbotes.com\/fr\/wp-json\/wp\/v2\/types\/product"}],"wp:featuredmedia":[{"embeddable":true,"href":"https:\/\/www.elgatambbotes.com\/fr\/wp-json\/wp\/v2\/media\/24297"}],"wp:attachment":[{"href":"https:\/\/www.elgatambbotes.com\/fr\/wp-json\/wp\/v2\/media?parent=24305"}],"wp:term":[{"taxonomy":"product_brand","embeddable":true,"href":"https:\/\/www.elgatambbotes.com\/fr\/wp-json\/wp\/v2\/product_brand?post=24305"},{"taxonomy":"product_cat","embeddable":true,"href":"https:\/\/www.elgatambbotes.com\/fr\/wp-json\/wp\/v2\/product_cat?post=24305"},{"taxonomy":"product_tag","embeddable":true,"href":"https:\/\/www.elgatambbotes.com\/fr\/wp-json\/wp\/v2\/product_tag?post=24305"},{"taxonomy":"giftcard-category","embeddable":true,"href":"https:\/\/www.elgatambbotes.com\/fr\/wp-json\/wp\/v2\/giftcard-category?post=24305"}],"curies":[{"name":"wp","href":"https:\/\/api.w.org\/{rel}","templated":true}]}}