{"id":24255,"date":"2025-12-05T12:44:34","date_gmt":"2025-12-05T11:44:34","guid":{"rendered":"https:\/\/www.elgatambbotes.com\/?post_type=product&#038;p=24255"},"modified":"2025-12-05T16:20:14","modified_gmt":"2025-12-05T15:20:14","slug":"tarjeta-regalo-el-gat-amb-botes","status":"publish","type":"product","link":"https:\/\/www.elgatambbotes.com\/fr\/producto\/tarjeta-regalo\/tarjeta-regalo-el-gat-amb-botes\/","title":{"rendered":"Carte-cadeau El Gat amb Botes"},"content":{"rendered":"","protected":false},"excerpt":{"rendered":"<h4 style=\"text-align: center;\">Voulez-vous offrir El Gat amb Botes \u00e0 quelqu'un de tr\u00e8s sp\u00e9cial ?<\/h4>\n<p>Nous vous expliquons comment cela fonctionne, c'est tr\u00e8s simple :<\/p>\n<p>1) Entrez le montant que vous souhaitez offrir en cadeau. Le minimum est de 50\u20ac.<br \/>\nSaisissez le nom et l'adresse e-mail de la personne \u00e0 qui vous souhaitez offrir votre carte cadeau.<br \/>\n3. Vous pouvez ajouter un message pour le destinataire.<br \/>\n4. Indiquez votre nom pour qu'ils sachent qui leur a envoy\u00e9 le cadeau.<br \/>\n5. S\u00e9lectionnez le jour et l'heure auxquels vous souhaitez recevoir la carte cadeau.<\/p>\n<p>Important :<\/p>\n<p>- Les cartes-cadeaux de <strong>El Gat amb Botes<\/strong> expirent apr\u00e8s 12 mois.<br \/>\n- Ils sont valables exclusivement pour notre boutique en ligne.<\/p>","protected":false},"featured_media":24257,"template":"","meta":[],"product_brand":[],"product_cat":[186],"product_tag":[],"giftcard-category":[],"class_list":{"0":"post-24255","1":"product","2":"type-product","3":"status-publish","4":"has-post-thumbnail","6":"product_cat-tarjeta-regalo","8":"first","9":"instock","10":"virtual","11":"sold-individually","12":"purchasable","13":"product-type-gift-card"},"_links":{"self":[{"href":"https:\/\/www.elgatambbotes.com\/fr\/wp-json\/wp\/v2\/product\/24255","targetHints":{"allow":["GET"]}}],"collection":[{"href":"https:\/\/www.elgatambbotes.com\/fr\/wp-json\/wp\/v2\/product"}],"about":[{"href":"https:\/\/www.elgatambbotes.com\/fr\/wp-json\/wp\/v2\/types\/product"}],"wp:featuredmedia":[{"embeddable":true,"href":"https:\/\/www.elgatambbotes.com\/fr\/wp-json\/wp\/v2\/media\/24257"}],"wp:attachment":[{"href":"https:\/\/www.elgatambbotes.com\/fr\/wp-json\/wp\/v2\/media?parent=24255"}],"wp:term":[{"taxonomy":"product_brand","embeddable":true,"href":"https:\/\/www.elgatambbotes.com\/fr\/wp-json\/wp\/v2\/product_brand?post=24255"},{"taxonomy":"product_cat","embeddable":true,"href":"https:\/\/www.elgatambbotes.com\/fr\/wp-json\/wp\/v2\/product_cat?post=24255"},{"taxonomy":"product_tag","embeddable":true,"href":"https:\/\/www.elgatambbotes.com\/fr\/wp-json\/wp\/v2\/product_tag?post=24255"},{"taxonomy":"giftcard-category","embeddable":true,"href":"https:\/\/www.elgatambbotes.com\/fr\/wp-json\/wp\/v2\/giftcard-category?post=24255"}],"curies":[{"name":"wp","href":"https:\/\/api.w.org\/{rel}","templated":true}]}}