{"id":24244,"date":"2025-12-04T13:28:57","date_gmt":"2025-12-04T12:28:57","guid":{"rendered":"https:\/\/www.elgatambbotes.com\/?post_type=product&#038;p=24244"},"modified":"2026-02-13T13:21:15","modified_gmt":"2026-02-13T12:21:15","slug":"sendra-15105-nubuk-softy-turquesa","status":"publish","type":"product","link":"https:\/\/www.elgatambbotes.com\/fr\/producto\/mujer\/botas-cowboy-mujer\/sendra-15105-nubuk-softy-turquesa\/","title":{"rendered":"Sendra 15105 Nubuk Softy Turquoise"},"content":{"rendered":"","protected":false},"excerpt":{"rendered":"<p class=\"translation-block\"><b>Sendra Boots<\/b> pour femmes, fabriqu\u00e9es \u00e0 la main en cuir de vachette de haute qualit\u00e9. Leur vibrant color turquoise et le design brod\u00e9 traditionnel sur le pied et la tige apportent style et authenticit\u00e9 \u00e0 n'importe quel look. Avec un talon confortable et une finition artisanale, elles offrent l'\u00e9quilibre parfait entre durabilit\u00e9, personnalit\u00e9 et confort. Semelle en cuir avec couture <strong>Goodyear<\/strong>.<\/p>","protected":false},"featured_media":24239,"template":"","meta":[],"product_brand":[151],"product_cat":[82,25,98],"product_tag":[],"giftcard-category":[],"class_list":{"0":"post-24244","1":"product","2":"type-product","3":"status-publish","4":"has-post-thumbnail","6":"product_brand-sendra-boots","7":"product_cat-botas-cowboy-mujer","8":"product_cat-mujer","9":"product_cat-sendra-boots","10":"pa_color-turquesa","11":"pa_talla-100","12":"pa_talla-101","13":"pa_talla-102","14":"pa_talla-103","15":"pa_talla-104","16":"pa_talla-105","18":"first","19":"instock","20":"shipping-taxable","21":"purchasable","22":"product-type-variable"},"_links":{"self":[{"href":"https:\/\/www.elgatambbotes.com\/fr\/wp-json\/wp\/v2\/product\/24244","targetHints":{"allow":["GET"]}}],"collection":[{"href":"https:\/\/www.elgatambbotes.com\/fr\/wp-json\/wp\/v2\/product"}],"about":[{"href":"https:\/\/www.elgatambbotes.com\/fr\/wp-json\/wp\/v2\/types\/product"}],"wp:featuredmedia":[{"embeddable":true,"href":"https:\/\/www.elgatambbotes.com\/fr\/wp-json\/wp\/v2\/media\/24239"}],"wp:attachment":[{"href":"https:\/\/www.elgatambbotes.com\/fr\/wp-json\/wp\/v2\/media?parent=24244"}],"wp:term":[{"taxonomy":"product_brand","embeddable":true,"href":"https:\/\/www.elgatambbotes.com\/fr\/wp-json\/wp\/v2\/product_brand?post=24244"},{"taxonomy":"product_cat","embeddable":true,"href":"https:\/\/www.elgatambbotes.com\/fr\/wp-json\/wp\/v2\/product_cat?post=24244"},{"taxonomy":"product_tag","embeddable":true,"href":"https:\/\/www.elgatambbotes.com\/fr\/wp-json\/wp\/v2\/product_tag?post=24244"},{"taxonomy":"giftcard-category","embeddable":true,"href":"https:\/\/www.elgatambbotes.com\/fr\/wp-json\/wp\/v2\/giftcard-category?post=24244"}],"curies":[{"name":"wp","href":"https:\/\/api.w.org\/{rel}","templated":true}]}}