{"id":24213,"date":"2025-12-04T12:17:53","date_gmt":"2025-12-04T11:17:53","guid":{"rendered":"https:\/\/www.elgatambbotes.com\/?post_type=product&#038;p=24213"},"modified":"2026-02-13T13:20:01","modified_gmt":"2026-02-13T12:20:01","slug":"mayura-2688-pull-grass-negro","status":"publish","type":"product","link":"https:\/\/www.elgatambbotes.com\/fr\/producto\/mujer\/botas-cowboy-mujer\/mayura-2688-pull-grass-negro\/","title":{"rendered":"Mayura 2688 Pull Grass Noir"},"content":{"rendered":"","protected":false},"excerpt":{"rendered":"<p class=\"translation-block\"><b>Mayura Boots<\/b> bottines mi-hauteur pour femme, en cuir de vachette noir huil\u00e9. Avec <b>fermeture \u00e9clair int\u00e9rieure<\/b> pour plus de confort lors de l'enfilage. <strong>D<\/strong><b>\u00e9tails brod\u00e9s<\/b> et petites <b>clous m\u00e9talliques<\/b> qui apportent du caract\u00e8re, ainsi qu'une <b>pointe arrondie<\/b> et \u00e9l\u00e9gante. Id\u00e9al pour un look polyvalent et moderne. Semelle en cuir et couture Goodyear. Mod\u00e8le exclusif que vous ne trouverez que dans nos magasins.<\/p>","protected":false},"featured_media":24200,"template":"","meta":[],"product_brand":[152],"product_cat":[82,83,97],"product_tag":[],"giftcard-category":[],"class_list":{"0":"post-24213","1":"product","2":"type-product","3":"status-publish","4":"has-post-thumbnail","6":"product_brand-mayura-boots","7":"product_cat-botas-cowboy-mujer","8":"product_cat-botines-cowboy-mujer","9":"product_cat-mayura-boots","10":"pa_color-negro","11":"pa_talla-100","12":"pa_talla-101","13":"pa_talla-102","14":"pa_talla-103","15":"pa_talla-104","16":"pa_talla-105","18":"first","19":"instock","20":"shipping-taxable","21":"purchasable","22":"product-type-variable"},"_links":{"self":[{"href":"https:\/\/www.elgatambbotes.com\/fr\/wp-json\/wp\/v2\/product\/24213","targetHints":{"allow":["GET"]}}],"collection":[{"href":"https:\/\/www.elgatambbotes.com\/fr\/wp-json\/wp\/v2\/product"}],"about":[{"href":"https:\/\/www.elgatambbotes.com\/fr\/wp-json\/wp\/v2\/types\/product"}],"wp:featuredmedia":[{"embeddable":true,"href":"https:\/\/www.elgatambbotes.com\/fr\/wp-json\/wp\/v2\/media\/24200"}],"wp:attachment":[{"href":"https:\/\/www.elgatambbotes.com\/fr\/wp-json\/wp\/v2\/media?parent=24213"}],"wp:term":[{"taxonomy":"product_brand","embeddable":true,"href":"https:\/\/www.elgatambbotes.com\/fr\/wp-json\/wp\/v2\/product_brand?post=24213"},{"taxonomy":"product_cat","embeddable":true,"href":"https:\/\/www.elgatambbotes.com\/fr\/wp-json\/wp\/v2\/product_cat?post=24213"},{"taxonomy":"product_tag","embeddable":true,"href":"https:\/\/www.elgatambbotes.com\/fr\/wp-json\/wp\/v2\/product_tag?post=24213"},{"taxonomy":"giftcard-category","embeddable":true,"href":"https:\/\/www.elgatambbotes.com\/fr\/wp-json\/wp\/v2\/giftcard-category?post=24213"}],"curies":[{"name":"wp","href":"https:\/\/api.w.org\/{rel}","templated":true}]}}