{"id":24148,"date":"2025-11-18T12:39:43","date_gmt":"2025-11-18T11:39:43","guid":{"rendered":"https:\/\/www.elgatambbotes.com\/?post_type=product&#038;p=24148"},"modified":"2026-02-13T13:17:43","modified_gmt":"2026-02-13T12:17:43","slug":"hebilla-tombston-sheriff","status":"publish","type":"product","link":"https:\/\/www.elgatambbotes.com\/fr\/producto\/complementos\/hebillas\/hebilla-tombston-sheriff\/","title":{"rendered":"BOUCLE TOMBSTON SHERIFF"},"content":{"rendered":"","protected":false},"excerpt":{"rendered":"<p><strong>Boucle am\u00e9ricaine<\/strong> style occidental inspir\u00e9 de la <strong data-start=\"54\" data-end=\"93\">Territoire de Tombstone Arizona Sh\u00e9rif<\/strong>, avec une \u00e9toile rouge centrale et des d\u00e9tails m\u00e9talliques grav\u00e9s. Un accessoire vintage qui attire l'attention, parfait pour compl\u00e9ter un look denim authentique.<\/p>\n<p>Dimensions : 8 x 6 cm. Largeur maximale de la ceinture : 4 cm.<\/p>","protected":false},"featured_media":24110,"template":"","meta":[],"product_brand":[],"product_cat":[22,31],"product_tag":[],"giftcard-category":[],"class_list":{"0":"post-24148","1":"product","2":"type-product","3":"status-publish","4":"has-post-thumbnail","6":"product_cat-complementos","7":"product_cat-hebillas","8":"pa_color-blanco","9":"pa_color-negro","10":"pa_color-plata-vieja","11":"pa_color-rojo","12":"pa_talla-unica","14":"first","15":"instock","16":"shipping-taxable","17":"purchasable","18":"product-type-variable"},"_links":{"self":[{"href":"https:\/\/www.elgatambbotes.com\/fr\/wp-json\/wp\/v2\/product\/24148","targetHints":{"allow":["GET"]}}],"collection":[{"href":"https:\/\/www.elgatambbotes.com\/fr\/wp-json\/wp\/v2\/product"}],"about":[{"href":"https:\/\/www.elgatambbotes.com\/fr\/wp-json\/wp\/v2\/types\/product"}],"wp:featuredmedia":[{"embeddable":true,"href":"https:\/\/www.elgatambbotes.com\/fr\/wp-json\/wp\/v2\/media\/24110"}],"wp:attachment":[{"href":"https:\/\/www.elgatambbotes.com\/fr\/wp-json\/wp\/v2\/media?parent=24148"}],"wp:term":[{"taxonomy":"product_brand","embeddable":true,"href":"https:\/\/www.elgatambbotes.com\/fr\/wp-json\/wp\/v2\/product_brand?post=24148"},{"taxonomy":"product_cat","embeddable":true,"href":"https:\/\/www.elgatambbotes.com\/fr\/wp-json\/wp\/v2\/product_cat?post=24148"},{"taxonomy":"product_tag","embeddable":true,"href":"https:\/\/www.elgatambbotes.com\/fr\/wp-json\/wp\/v2\/product_tag?post=24148"},{"taxonomy":"giftcard-category","embeddable":true,"href":"https:\/\/www.elgatambbotes.com\/fr\/wp-json\/wp\/v2\/giftcard-category?post=24148"}],"curies":[{"name":"wp","href":"https:\/\/api.w.org\/{rel}","templated":true}]}}