{"id":24146,"date":"2025-11-18T12:37:20","date_gmt":"2025-11-18T11:37:20","guid":{"rendered":"https:\/\/www.elgatambbotes.com\/?post_type=product&#038;p=24146"},"modified":"2026-02-13T13:17:26","modified_gmt":"2026-02-13T12:17:26","slug":"hebilla-texas-ranger","status":"publish","type":"product","link":"https:\/\/www.elgatambbotes.com\/fr\/producto\/complementos\/hebillas\/hebilla-texas-ranger\/","title":{"rendered":"BOUCLE TEXAS RANGER"},"content":{"rendered":"","protected":false},"excerpt":{"rendered":"<p><strong>Boucle am\u00e9ricaine<\/strong> style occidental avec plaque centrale de <strong>\u201cTexas Ranger\u201d<\/strong>, d\u00e9cor\u00e9 d'\u00e9toiles et de gravures en m\u00e9tal gaufr\u00e9. Finition vieillie avec des accents bleus et rouges pour une touche classique et distinctive. Parfait pour compl\u00e9ter un look denim authentique.<\/p>\n<p>Dimensions : 9 x 7,5 cm. Largeur maximale de la ceinture : 4 cm.<\/p>","protected":false},"featured_media":24109,"template":"","meta":[],"product_brand":[],"product_cat":[22,31],"product_tag":[],"giftcard-category":[],"class_list":{"0":"post-24146","1":"product","2":"type-product","3":"status-publish","4":"has-post-thumbnail","6":"product_cat-complementos","7":"product_cat-hebillas","8":"pa_color-azul","9":"pa_color-blanco","10":"pa_color-negro","11":"pa_color-plata-vieja","12":"pa_color-rojo","13":"pa_talla-unica","15":"first","16":"instock","17":"shipping-taxable","18":"purchasable","19":"product-type-variable"},"_links":{"self":[{"href":"https:\/\/www.elgatambbotes.com\/fr\/wp-json\/wp\/v2\/product\/24146","targetHints":{"allow":["GET"]}}],"collection":[{"href":"https:\/\/www.elgatambbotes.com\/fr\/wp-json\/wp\/v2\/product"}],"about":[{"href":"https:\/\/www.elgatambbotes.com\/fr\/wp-json\/wp\/v2\/types\/product"}],"wp:featuredmedia":[{"embeddable":true,"href":"https:\/\/www.elgatambbotes.com\/fr\/wp-json\/wp\/v2\/media\/24109"}],"wp:attachment":[{"href":"https:\/\/www.elgatambbotes.com\/fr\/wp-json\/wp\/v2\/media?parent=24146"}],"wp:term":[{"taxonomy":"product_brand","embeddable":true,"href":"https:\/\/www.elgatambbotes.com\/fr\/wp-json\/wp\/v2\/product_brand?post=24146"},{"taxonomy":"product_cat","embeddable":true,"href":"https:\/\/www.elgatambbotes.com\/fr\/wp-json\/wp\/v2\/product_cat?post=24146"},{"taxonomy":"product_tag","embeddable":true,"href":"https:\/\/www.elgatambbotes.com\/fr\/wp-json\/wp\/v2\/product_tag?post=24146"},{"taxonomy":"giftcard-category","embeddable":true,"href":"https:\/\/www.elgatambbotes.com\/fr\/wp-json\/wp\/v2\/giftcard-category?post=24146"}],"curies":[{"name":"wp","href":"https:\/\/api.w.org\/{rel}","templated":true}]}}