{"id":24139,"date":"2025-11-18T12:03:44","date_gmt":"2025-11-18T11:03:44","guid":{"rendered":"https:\/\/www.elgatambbotes.com\/?post_type=product&#038;p=24139"},"modified":"2026-05-01T13:23:29","modified_gmt":"2026-05-01T11:23:29","slug":"hebilla-native-eagle","status":"publish","type":"product","link":"https:\/\/www.elgatambbotes.com\/fr\/producto\/complementos\/hebillas\/hebilla-native-eagle\/","title":{"rendered":"BOUCLE NATIVE EAGLE"},"content":{"rendered":"","protected":false},"excerpt":{"rendered":"<p><strong>Boucle am\u00e9ricaine<\/strong> rectangulaire avec un motif am\u00e9rindien, mettant en valeur un <strong>aigle en relief<\/strong> Entour\u00e9 de d\u00e9tails tribaux turquoise et blancs. Finition en m\u00e9tal vieilli avec gaufrage ornemental pour un style authentique et accrocheur. Parfait pour un look western avec de la personnalit\u00e9.<\/p>\n<p>Dimensions : 8 x 6 cm. Largeur maximale de la ceinture : 4 cm.<\/p>","protected":false},"featured_media":24106,"template":"","meta":[],"product_brand":[],"product_cat":[22,31],"product_tag":[],"giftcard-category":[],"class_list":{"0":"post-24139","1":"product","2":"type-product","3":"status-publish","4":"has-post-thumbnail","6":"product_cat-complementos","7":"product_cat-hebillas","8":"pa_color-blanco","9":"pa_color-negro","10":"pa_color-plata-vieja","11":"pa_color-rojo","12":"pa_color-turquesa","13":"pa_talla-unica","15":"first","16":"instock","17":"shipping-taxable","18":"purchasable","19":"product-type-variable"},"_links":{"self":[{"href":"https:\/\/www.elgatambbotes.com\/fr\/wp-json\/wp\/v2\/product\/24139","targetHints":{"allow":["GET"]}}],"collection":[{"href":"https:\/\/www.elgatambbotes.com\/fr\/wp-json\/wp\/v2\/product"}],"about":[{"href":"https:\/\/www.elgatambbotes.com\/fr\/wp-json\/wp\/v2\/types\/product"}],"wp:featuredmedia":[{"embeddable":true,"href":"https:\/\/www.elgatambbotes.com\/fr\/wp-json\/wp\/v2\/media\/24106"}],"wp:attachment":[{"href":"https:\/\/www.elgatambbotes.com\/fr\/wp-json\/wp\/v2\/media?parent=24139"}],"wp:term":[{"taxonomy":"product_brand","embeddable":true,"href":"https:\/\/www.elgatambbotes.com\/fr\/wp-json\/wp\/v2\/product_brand?post=24139"},{"taxonomy":"product_cat","embeddable":true,"href":"https:\/\/www.elgatambbotes.com\/fr\/wp-json\/wp\/v2\/product_cat?post=24139"},{"taxonomy":"product_tag","embeddable":true,"href":"https:\/\/www.elgatambbotes.com\/fr\/wp-json\/wp\/v2\/product_tag?post=24139"},{"taxonomy":"giftcard-category","embeddable":true,"href":"https:\/\/www.elgatambbotes.com\/fr\/wp-json\/wp\/v2\/giftcard-category?post=24139"}],"curies":[{"name":"wp","href":"https:\/\/api.w.org\/{rel}","templated":true}]}}