{"id":24129,"date":"2025-11-18T11:16:56","date_gmt":"2025-11-18T10:16:56","guid":{"rendered":"https:\/\/www.elgatambbotes.com\/?post_type=product&#038;p=24129"},"modified":"2026-02-13T13:14:42","modified_gmt":"2026-02-13T12:14:42","slug":"hebilla-golden-texas","status":"publish","type":"product","link":"https:\/\/www.elgatambbotes.com\/fr\/producto\/complementos\/hebillas\/hebilla-golden-texas\/","title":{"rendered":"BOUCLE GOLDEN TEXAS"},"content":{"rendered":"","protected":false},"excerpt":{"rendered":"<p><strong>Boucle am\u00e9ricaine <\/strong>avec un design rectangulaire de style occidental, finition argent\u00e9e avec des d\u00e9tails dor\u00e9s en relief et une bordure d\u00e9corative. Au centre se trouve le <strong>Silhouette du Texas<\/strong> aux couleurs du drapeau. Un accessoire qui attire l'attention, parfait pour les amateurs de denim.<\/p>\n<p>Dimensions : 10,5 x 8,5 cm. Largeur maximale de la ceinture : 4 cm.<\/p>","protected":false},"featured_media":24101,"template":"","meta":[],"product_brand":[],"product_cat":[22,31],"product_tag":[],"giftcard-category":[],"class_list":{"0":"post-24129","1":"product","2":"type-product","3":"status-publish","4":"has-post-thumbnail","6":"product_cat-complementos","7":"product_cat-hebillas","8":"pa_color-azul","9":"pa_color-blanco","10":"pa_color-negro","11":"pa_color-oro","12":"pa_color-plata","13":"pa_color-rojo","14":"pa_talla-unica","16":"first","17":"instock","18":"shipping-taxable","19":"purchasable","20":"product-type-variable"},"_links":{"self":[{"href":"https:\/\/www.elgatambbotes.com\/fr\/wp-json\/wp\/v2\/product\/24129","targetHints":{"allow":["GET"]}}],"collection":[{"href":"https:\/\/www.elgatambbotes.com\/fr\/wp-json\/wp\/v2\/product"}],"about":[{"href":"https:\/\/www.elgatambbotes.com\/fr\/wp-json\/wp\/v2\/types\/product"}],"wp:featuredmedia":[{"embeddable":true,"href":"https:\/\/www.elgatambbotes.com\/fr\/wp-json\/wp\/v2\/media\/24101"}],"wp:attachment":[{"href":"https:\/\/www.elgatambbotes.com\/fr\/wp-json\/wp\/v2\/media?parent=24129"}],"wp:term":[{"taxonomy":"product_brand","embeddable":true,"href":"https:\/\/www.elgatambbotes.com\/fr\/wp-json\/wp\/v2\/product_brand?post=24129"},{"taxonomy":"product_cat","embeddable":true,"href":"https:\/\/www.elgatambbotes.com\/fr\/wp-json\/wp\/v2\/product_cat?post=24129"},{"taxonomy":"product_tag","embeddable":true,"href":"https:\/\/www.elgatambbotes.com\/fr\/wp-json\/wp\/v2\/product_tag?post=24129"},{"taxonomy":"giftcard-category","embeddable":true,"href":"https:\/\/www.elgatambbotes.com\/fr\/wp-json\/wp\/v2\/giftcard-category?post=24129"}],"curies":[{"name":"wp","href":"https:\/\/api.w.org\/{rel}","templated":true}]}}