{"id":24127,"date":"2025-11-18T11:15:16","date_gmt":"2025-11-18T10:15:16","guid":{"rendered":"https:\/\/www.elgatambbotes.com\/?post_type=product&#038;p=24127"},"modified":"2026-02-13T13:14:10","modified_gmt":"2026-02-13T12:14:10","slug":"hebilla-golden-horse","status":"publish","type":"product","link":"https:\/\/www.elgatambbotes.com\/fr\/producto\/complementos\/hebillas\/hebilla-golden-horse\/","title":{"rendered":"BOUCLE GOLDEN HORSE"},"content":{"rendered":"","protected":false},"excerpt":{"rendered":"<p><strong>Boucle am\u00e9ricaine <\/strong>de style occidental, avec un motif ovale noir et argent\u00e9, d\u00e9cor\u00e9 de filigranes et d'\u00e9toiles. Au centre se trouve un <strong>t\u00eate de cheval en or<\/strong> entour\u00e9 d'un cadre rouge grav\u00e9. Un accessoire accrocheur et durable qui donne du caract\u00e8re \u00e0 n'importe quelle tenue.<\/p>\n<p>Dimensions : 17,5 x 7,5 cm. Largeur maximale de la ceinture : 4 cm.<\/p>","protected":false},"featured_media":24100,"template":"","meta":[],"product_brand":[],"product_cat":[22,31],"product_tag":[],"giftcard-category":[],"class_list":{"0":"post-24127","1":"product","2":"type-product","3":"status-publish","4":"has-post-thumbnail","6":"product_cat-complementos","7":"product_cat-hebillas","8":"pa_color-negro","9":"pa_color-plata","10":"pa_color-rojo","11":"pa_talla-unica","13":"first","14":"instock","15":"shipping-taxable","16":"purchasable","17":"product-type-variable"},"_links":{"self":[{"href":"https:\/\/www.elgatambbotes.com\/fr\/wp-json\/wp\/v2\/product\/24127","targetHints":{"allow":["GET"]}}],"collection":[{"href":"https:\/\/www.elgatambbotes.com\/fr\/wp-json\/wp\/v2\/product"}],"about":[{"href":"https:\/\/www.elgatambbotes.com\/fr\/wp-json\/wp\/v2\/types\/product"}],"wp:featuredmedia":[{"embeddable":true,"href":"https:\/\/www.elgatambbotes.com\/fr\/wp-json\/wp\/v2\/media\/24100"}],"wp:attachment":[{"href":"https:\/\/www.elgatambbotes.com\/fr\/wp-json\/wp\/v2\/media?parent=24127"}],"wp:term":[{"taxonomy":"product_brand","embeddable":true,"href":"https:\/\/www.elgatambbotes.com\/fr\/wp-json\/wp\/v2\/product_brand?post=24127"},{"taxonomy":"product_cat","embeddable":true,"href":"https:\/\/www.elgatambbotes.com\/fr\/wp-json\/wp\/v2\/product_cat?post=24127"},{"taxonomy":"product_tag","embeddable":true,"href":"https:\/\/www.elgatambbotes.com\/fr\/wp-json\/wp\/v2\/product_tag?post=24127"},{"taxonomy":"giftcard-category","embeddable":true,"href":"https:\/\/www.elgatambbotes.com\/fr\/wp-json\/wp\/v2\/giftcard-category?post=24127"}],"curies":[{"name":"wp","href":"https:\/\/api.w.org\/{rel}","templated":true}]}}