{"id":23963,"date":"2025-10-14T13:37:41","date_gmt":"2025-10-14T11:37:41","guid":{"rendered":"https:\/\/www.elgatambbotes.com\/?post_type=product&#038;p=23963"},"modified":"2026-02-13T13:11:38","modified_gmt":"2026-02-13T12:11:38","slug":"stetson-3198501-carson-western-comfort-10x-bleached-7","status":"publish","type":"product","link":"https:\/\/www.elgatambbotes.com\/fr\/producto\/complementos\/sombreros-cowboy\/stetson-3198501-carson-western-comfort-10x-bleached-7\/","title":{"rendered":"STETSON 3198501 CARSON WESTERN COMFORT 10X BLEACHED-7"},"content":{"rendered":"","protected":false},"excerpt":{"rendered":"<p class=\"translation-block\">D\u00e9couvrez l\u2019\u00e9l\u00e9gance intemporelle de ce v\u00e9ritable <strong>chapeau de cow-boy<\/strong> fabriqu\u00e9 \u00e0 la main au Texas. Confectionn\u00e9 en <strong>paille Shantung 100 % naturelle<\/strong>, il allie l\u00e9g\u00e8ret\u00e9, r\u00e9sistance et style. Sa <strong>calotte Cattleman<\/strong> d\u2019environ 11 cm et son large bord de 9,5 cm (env.), relev\u00e9 sur les c\u00f4t\u00e9s, cr\u00e9ent une silhouette \u00e0 la fois dynamique et sophistiqu\u00e9e. Il est dot\u00e9 d\u2019une <strong>bande int\u00e9rieure en cuir<\/strong> premium souple et <strong>d\u2019\u0153illets de ventilation<\/strong> pour un confort maximal. Orn\u00e9 d\u2019une <strong>double lani\u00e8re tress\u00e9e en cuir<\/strong> noir et du <strong>logo m\u00e9tallique Stetson<\/strong> sur le c\u00f4t\u00e9, ce chapeau est l\u2019accessoire id\u00e9al pour ceux qui recherchent authenticit\u00e9, \u00e9l\u00e9gance et esprit western.<\/p>\n<p>Made in U.S.A.<\/p>","protected":false},"featured_media":23962,"template":"","meta":[],"product_brand":[154],"product_cat":[22,30,95],"product_tag":[],"giftcard-category":[],"class_list":{"0":"post-23963","1":"product","2":"type-product","3":"status-publish","4":"has-post-thumbnail","6":"product_brand-stetson","7":"product_cat-complementos","8":"product_cat-sombreros-cowboy","9":"product_cat-stetson","10":"pa_color-natural","11":"pa_talla-172","12":"pa_talla-173","13":"pa_talla-174","14":"pa_talla-175","15":"pa_talla-176","16":"pa_talla-177","18":"first","19":"outofstock","20":"shipping-taxable","21":"purchasable","22":"product-type-variable"},"_links":{"self":[{"href":"https:\/\/www.elgatambbotes.com\/fr\/wp-json\/wp\/v2\/product\/23963","targetHints":{"allow":["GET"]}}],"collection":[{"href":"https:\/\/www.elgatambbotes.com\/fr\/wp-json\/wp\/v2\/product"}],"about":[{"href":"https:\/\/www.elgatambbotes.com\/fr\/wp-json\/wp\/v2\/types\/product"}],"wp:featuredmedia":[{"embeddable":true,"href":"https:\/\/www.elgatambbotes.com\/fr\/wp-json\/wp\/v2\/media\/23962"}],"wp:attachment":[{"href":"https:\/\/www.elgatambbotes.com\/fr\/wp-json\/wp\/v2\/media?parent=23963"}],"wp:term":[{"taxonomy":"product_brand","embeddable":true,"href":"https:\/\/www.elgatambbotes.com\/fr\/wp-json\/wp\/v2\/product_brand?post=23963"},{"taxonomy":"product_cat","embeddable":true,"href":"https:\/\/www.elgatambbotes.com\/fr\/wp-json\/wp\/v2\/product_cat?post=23963"},{"taxonomy":"product_tag","embeddable":true,"href":"https:\/\/www.elgatambbotes.com\/fr\/wp-json\/wp\/v2\/product_tag?post=23963"},{"taxonomy":"giftcard-category","embeddable":true,"href":"https:\/\/www.elgatambbotes.com\/fr\/wp-json\/wp\/v2\/giftcard-category?post=23963"}],"curies":[{"name":"wp","href":"https:\/\/api.w.org\/{rel}","templated":true}]}}