{"id":23893,"date":"2025-09-29T12:59:05","date_gmt":"2025-09-29T10:59:05","guid":{"rendered":"https:\/\/www.elgatambbotes.com\/?post_type=product&#038;p=23893"},"modified":"2026-02-13T18:43:54","modified_gmt":"2026-02-13T17:43:54","slug":"stetson-3698902-vanlesco-western-toyo-7-offwhite","status":"publish","type":"product","link":"https:\/\/www.elgatambbotes.com\/fr\/producto\/complementos\/sombreros-cowboy\/stetson-3698902-vanlesco-western-toyo-7-offwhite\/","title":{"rendered":"STETSON 3698902 VANLESCO WESTERN TOYO 7 OFFWHITE"},"content":{"rendered":"","protected":false},"excerpt":{"rendered":"<p class=\"translation-block\">Chapeau de cow-boy en <strong>paille de toyo<\/strong>, minutieusement tress\u00e9e en blanc. <strong>Bord de style cow-boy<\/strong> de 12 cm (environ) et bord de 10 cm (environ). Rembourrage int\u00e9rieur tr\u00e8s doux et absorbant pour le confort et bord moulable. D\u00e9cor\u00e9 d'une <strong>sangle en cuir brun chocolat<\/strong>, de coutures contrast\u00e9es et d'une <strong>\u00e9pingle en m\u00e9tal Stetson<\/strong> sur un c\u00f4t\u00e9 pour un style parfait. Son poids l\u00e9ger et sa protection solaire <strong>(UV 40)<\/strong> en font un compagnon id\u00e9al pour les chaudes journ\u00e9es d'\u00e9t\u00e9.<\/p>\n<p>Made in Mexico.<\/p>","protected":false},"featured_media":23733,"template":"","meta":[],"product_brand":[154],"product_cat":[22,30,95],"product_tag":[],"giftcard-category":[],"class_list":{"0":"post-23893","1":"product","2":"type-product","3":"status-publish","4":"has-post-thumbnail","6":"product_brand-stetson","7":"product_cat-complementos","8":"product_cat-sombreros-cowboy","9":"product_cat-stetson","10":"pa_color-blanco","11":"pa_talla-l","12":"pa_talla-m","13":"pa_talla-s","14":"pa_talla-xl","16":"first","17":"instock","18":"shipping-taxable","19":"purchasable","20":"product-type-variable"},"_links":{"self":[{"href":"https:\/\/www.elgatambbotes.com\/fr\/wp-json\/wp\/v2\/product\/23893","targetHints":{"allow":["GET"]}}],"collection":[{"href":"https:\/\/www.elgatambbotes.com\/fr\/wp-json\/wp\/v2\/product"}],"about":[{"href":"https:\/\/www.elgatambbotes.com\/fr\/wp-json\/wp\/v2\/types\/product"}],"wp:featuredmedia":[{"embeddable":true,"href":"https:\/\/www.elgatambbotes.com\/fr\/wp-json\/wp\/v2\/media\/23733"}],"wp:attachment":[{"href":"https:\/\/www.elgatambbotes.com\/fr\/wp-json\/wp\/v2\/media?parent=23893"}],"wp:term":[{"taxonomy":"product_brand","embeddable":true,"href":"https:\/\/www.elgatambbotes.com\/fr\/wp-json\/wp\/v2\/product_brand?post=23893"},{"taxonomy":"product_cat","embeddable":true,"href":"https:\/\/www.elgatambbotes.com\/fr\/wp-json\/wp\/v2\/product_cat?post=23893"},{"taxonomy":"product_tag","embeddable":true,"href":"https:\/\/www.elgatambbotes.com\/fr\/wp-json\/wp\/v2\/product_tag?post=23893"},{"taxonomy":"giftcard-category","embeddable":true,"href":"https:\/\/www.elgatambbotes.com\/fr\/wp-json\/wp\/v2\/giftcard-category?post=23893"}],"curies":[{"name":"wp","href":"https:\/\/api.w.org\/{rel}","templated":true}]}}