{"id":23776,"date":"2025-08-01T13:38:37","date_gmt":"2025-08-01T11:38:37","guid":{"rendered":"https:\/\/www.elgatambbotes.com\/?post_type=product&#038;p=23776"},"modified":"2026-02-13T13:09:48","modified_gmt":"2026-02-13T12:09:48","slug":"stetson-3698901-pittsfield-western-toyo-71-offwhite","status":"publish","type":"product","link":"https:\/\/www.elgatambbotes.com\/fr\/producto\/complementos\/sombreros-cowboy\/stetson-3698901-pittsfield-western-toyo-71-offwhite\/","title":{"rendered":"STETSON 3698901 PITTSFIELD WESTERN TOYO 71 OFFWHITE"},"content":{"rendered":"","protected":false},"excerpt":{"rendered":"<p class=\"translation-block\">Chapeau cowboy fabriqu\u00e9 en <strong>paille Toyo<\/strong> finement tress\u00e9e de couleur naturelle. <strong>Calotte de style Teardrop<\/strong> de 12,5 cm (env.) et bord de 9,5 cm (env.). Bandeau int\u00e9rieur tr\u00e8s doux et absorbant pour un confort optimal et bord mall\u00e9able. Orn\u00e9 d\u2019une <strong>lani\u00e8re en cuir marron chocolat<\/strong> avec appliques et <strong>pin\u2019s m\u00e9talliques Stetson<\/strong> sur le c\u00f4t\u00e9 pour un style parfait. Son design, qui rappelle celui des cow-boys australiens, fait de ce <em>Gambler<\/em> une excellente protection par temps chaud et venteux.<\/p>\n<p>Made in Mexico.<\/p>","protected":false},"featured_media":23721,"template":"","meta":[],"product_brand":[154],"product_cat":[22,30,95],"product_tag":[],"giftcard-category":[],"class_list":{"0":"post-23776","1":"product","2":"type-product","3":"status-publish","4":"has-post-thumbnail","6":"product_brand-stetson","7":"product_cat-complementos","8":"product_cat-sombreros-cowboy","9":"product_cat-stetson","10":"pa_color-natural","11":"pa_talla-l","12":"pa_talla-m","13":"pa_talla-s","14":"pa_talla-xl","16":"first","17":"instock","18":"shipping-taxable","19":"purchasable","20":"product-type-variable"},"_links":{"self":[{"href":"https:\/\/www.elgatambbotes.com\/fr\/wp-json\/wp\/v2\/product\/23776","targetHints":{"allow":["GET"]}}],"collection":[{"href":"https:\/\/www.elgatambbotes.com\/fr\/wp-json\/wp\/v2\/product"}],"about":[{"href":"https:\/\/www.elgatambbotes.com\/fr\/wp-json\/wp\/v2\/types\/product"}],"wp:featuredmedia":[{"embeddable":true,"href":"https:\/\/www.elgatambbotes.com\/fr\/wp-json\/wp\/v2\/media\/23721"}],"wp:attachment":[{"href":"https:\/\/www.elgatambbotes.com\/fr\/wp-json\/wp\/v2\/media?parent=23776"}],"wp:term":[{"taxonomy":"product_brand","embeddable":true,"href":"https:\/\/www.elgatambbotes.com\/fr\/wp-json\/wp\/v2\/product_brand?post=23776"},{"taxonomy":"product_cat","embeddable":true,"href":"https:\/\/www.elgatambbotes.com\/fr\/wp-json\/wp\/v2\/product_cat?post=23776"},{"taxonomy":"product_tag","embeddable":true,"href":"https:\/\/www.elgatambbotes.com\/fr\/wp-json\/wp\/v2\/product_tag?post=23776"},{"taxonomy":"giftcard-category","embeddable":true,"href":"https:\/\/www.elgatambbotes.com\/fr\/wp-json\/wp\/v2\/giftcard-category?post=23776"}],"curies":[{"name":"wp","href":"https:\/\/api.w.org\/{rel}","templated":true}]}}