{"id":23752,"date":"2025-07-30T13:28:13","date_gmt":"2025-07-30T11:28:13","guid":{"rendered":"https:\/\/www.elgatambbotes.com\/?post_type=product&#038;p=23752"},"modified":"2026-02-13T12:58:47","modified_gmt":"2026-02-13T11:58:47","slug":"stetson-3598102-hackberry-western-woolfelt-1-black","status":"publish","type":"product","link":"https:\/\/www.elgatambbotes.com\/fr\/producto\/complementos\/sombreros-cowboy\/stetson-3598102-hackberry-western-woolfelt-1-black\/","title":{"rendered":"STETSON 3598102 HACKBERRY WESTERN WOOLFELT 1 BLACK"},"content":{"rendered":"","protected":false},"excerpt":{"rendered":"<p><strong>Chapeau cowboy<\/strong> en laine. Gr\u00e2ce \u00e0 son <strong>imperm\u00e9abilit\u00e9<\/strong> , ce chapeau est particuli\u00e8rement pratique pour une utilisation en ext\u00e9rieur. Fabriqu\u00e9 avec soin <strong>\u00e0 partir de 100 % de laine de mouton australienne<\/strong>, il offre chaleur et douceur pour un confort optimal. Sa <strong>lani\u00e8re en cuir noir<\/strong> orn\u00e9e de d\u00e9tails m\u00e9talliques apporte une touche \u00e9l\u00e9gante et raffin\u00e9e, facile \u00e0 assortir avec de nombreux styles. Les amateurs de style western et de vie en plein air appr\u00e9cieront sa <strong>calotte de type Teardrop<\/strong> (env. 10,5 cm) et son large bord (env. 8,5 cm) relev\u00e9 sur les c\u00f4t\u00e9s \u2014 des caract\u00e9ristiques embl\u00e9matiques qui conf\u00e8rent \u00e0 ce chapeau tout son charme et caract\u00e8re western, tout en assurant une <strong>protection efficace<\/strong> contre les intemp\u00e9ries.<\/p>","protected":false},"featured_media":23705,"template":"","meta":[],"product_brand":[154],"product_cat":[22,30,95],"product_tag":[],"giftcard-category":[],"class_list":{"0":"post-23752","1":"product","2":"type-product","3":"status-publish","4":"has-post-thumbnail","6":"product_brand-stetson","7":"product_cat-complementos","8":"product_cat-sombreros-cowboy","9":"product_cat-stetson","10":"pa_color-negro","11":"pa_talla-l","12":"pa_talla-m","13":"pa_talla-s","14":"pa_talla-xl","16":"first","17":"instock","18":"shipping-taxable","19":"purchasable","20":"product-type-variable"},"_links":{"self":[{"href":"https:\/\/www.elgatambbotes.com\/fr\/wp-json\/wp\/v2\/product\/23752","targetHints":{"allow":["GET"]}}],"collection":[{"href":"https:\/\/www.elgatambbotes.com\/fr\/wp-json\/wp\/v2\/product"}],"about":[{"href":"https:\/\/www.elgatambbotes.com\/fr\/wp-json\/wp\/v2\/types\/product"}],"wp:featuredmedia":[{"embeddable":true,"href":"https:\/\/www.elgatambbotes.com\/fr\/wp-json\/wp\/v2\/media\/23705"}],"wp:attachment":[{"href":"https:\/\/www.elgatambbotes.com\/fr\/wp-json\/wp\/v2\/media?parent=23752"}],"wp:term":[{"taxonomy":"product_brand","embeddable":true,"href":"https:\/\/www.elgatambbotes.com\/fr\/wp-json\/wp\/v2\/product_brand?post=23752"},{"taxonomy":"product_cat","embeddable":true,"href":"https:\/\/www.elgatambbotes.com\/fr\/wp-json\/wp\/v2\/product_cat?post=23752"},{"taxonomy":"product_tag","embeddable":true,"href":"https:\/\/www.elgatambbotes.com\/fr\/wp-json\/wp\/v2\/product_tag?post=23752"},{"taxonomy":"giftcard-category","embeddable":true,"href":"https:\/\/www.elgatambbotes.com\/fr\/wp-json\/wp\/v2\/giftcard-category?post=23752"}],"curies":[{"name":"wp","href":"https:\/\/api.w.org\/{rel}","templated":true}]}}