{"id":23747,"date":"2025-07-30T13:06:54","date_gmt":"2025-07-30T11:06:54","guid":{"rendered":"https:\/\/www.elgatambbotes.com\/?post_type=product&#038;p=23747"},"modified":"2026-04-13T11:16:10","modified_gmt":"2026-04-13T09:16:10","slug":"stetson-3198903-ranson-western-vented-toyo-71-offwhite","status":"publish","type":"product","link":"https:\/\/www.elgatambbotes.com\/fr\/producto\/complementos\/sombreros-cowboy\/stetson-3198903-ranson-western-vented-toyo-71-offwhite\/","title":{"rendered":"STETSON 3198903 RANSON WESTERN VENTED TOYO 71 OFFWHITE"},"content":{"rendered":"","protected":false},"excerpt":{"rendered":"<p>Chapeau cowboy fabriqu\u00e9 en <strong>paille Toyo<\/strong> tress\u00e9e, de couleur naturelle. <strong>Calotte Cattleman<\/strong> de 10,5 cm (env.) et d\u2019un bord de 11 cm (env.), il offre une silhouette western classique. La bandeau int\u00e9rieur est tr\u00e8s doux et absorbant, garantissant un confort optimal, et le bord est mall\u00e9able pour s\u2019adapter \u00e0 votre style. Il est d\u00e9cor\u00e9 d\u2019un <strong>ruban en cuir marron chocolat<\/strong> avec appliques m\u00e9talliques et le <strong>pin embl\u00e9matique Stetson<\/strong> sur le c\u00f4t\u00e9, pour un look parfait. Sa calotte microperfor\u00e9e, sa l\u00e9g\u00e8ret\u00e9 et sa protection solaire (UV 40) en font l\u2019accessoire id\u00e9al pour les journ\u00e9es estivales.<\/p>\n<p>Made in Mexico.<\/p>","protected":false},"featured_media":23701,"template":"","meta":[],"product_brand":[154],"product_cat":[22,30,95],"product_tag":[],"giftcard-category":[],"class_list":{"0":"post-23747","1":"product","2":"type-product","3":"status-publish","4":"has-post-thumbnail","6":"product_brand-stetson","7":"product_cat-complementos","8":"product_cat-sombreros-cowboy","9":"product_cat-stetson","10":"pa_color-natural","11":"pa_talla-l","12":"pa_talla-m","13":"pa_talla-s","14":"pa_talla-xl","16":"first","17":"instock","18":"shipping-taxable","19":"purchasable","20":"product-type-variable"},"_links":{"self":[{"href":"https:\/\/www.elgatambbotes.com\/fr\/wp-json\/wp\/v2\/product\/23747","targetHints":{"allow":["GET"]}}],"collection":[{"href":"https:\/\/www.elgatambbotes.com\/fr\/wp-json\/wp\/v2\/product"}],"about":[{"href":"https:\/\/www.elgatambbotes.com\/fr\/wp-json\/wp\/v2\/types\/product"}],"wp:featuredmedia":[{"embeddable":true,"href":"https:\/\/www.elgatambbotes.com\/fr\/wp-json\/wp\/v2\/media\/23701"}],"wp:attachment":[{"href":"https:\/\/www.elgatambbotes.com\/fr\/wp-json\/wp\/v2\/media?parent=23747"}],"wp:term":[{"taxonomy":"product_brand","embeddable":true,"href":"https:\/\/www.elgatambbotes.com\/fr\/wp-json\/wp\/v2\/product_brand?post=23747"},{"taxonomy":"product_cat","embeddable":true,"href":"https:\/\/www.elgatambbotes.com\/fr\/wp-json\/wp\/v2\/product_cat?post=23747"},{"taxonomy":"product_tag","embeddable":true,"href":"https:\/\/www.elgatambbotes.com\/fr\/wp-json\/wp\/v2\/product_tag?post=23747"},{"taxonomy":"giftcard-category","embeddable":true,"href":"https:\/\/www.elgatambbotes.com\/fr\/wp-json\/wp\/v2\/giftcard-category?post=23747"}],"curies":[{"name":"wp","href":"https:\/\/api.w.org\/{rel}","templated":true}]}}