{"id":23735,"date":"2025-07-30T11:06:29","date_gmt":"2025-07-30T09:06:29","guid":{"rendered":"https:\/\/www.elgatambbotes.com\/?post_type=product&#038;p=23735"},"modified":"2026-04-23T13:20:51","modified_gmt":"2026-04-23T11:20:51","slug":"stetson-3198512-western-edcouch-oeste-toyo-71-bleached","status":"publish","type":"product","link":"https:\/\/www.elgatambbotes.com\/fr\/producto\/marcas\/stetson\/stetson-3198512-western-edcouch-oeste-toyo-71-bleached\/","title":{"rendered":"STETSON 3198512 WESTERN EDCOUCH OESTE TOYO 71 BLEACHED"},"content":{"rendered":"","protected":false},"excerpt":{"rendered":"<p>Chapeau cowboy fabriqu\u00e9 en <strong>paille Toyo<\/strong> tress\u00e9e, de couleur naturelle. <strong>Calotte Cattleman<\/strong> de 12 cm (env.) et bord de 9 cm (env.). Bandeau int\u00e9rieur tr\u00e8s doux et absorbant pour un confort optimal, avec bord modulable. Orn\u00e9 d'une <strong>lani\u00e8re en cuir marron<\/strong> avec surpiq\u00fbres contrast\u00e9es et l\u2019iconique <strong>pin m\u00e9tallique Stetson<\/strong> sur le c\u00f4t\u00e9 pour un style parfait. Sa l\u00e9g\u00e8ret\u00e9 et sa protection contre le soleil en font l\u2019alli\u00e9 id\u00e9al lors des chaudes journ\u00e9es d\u2019\u00e9t\u00e9.<\/p>","protected":false},"featured_media":23696,"template":"","meta":[],"product_brand":[154],"product_cat":[95,22,30],"product_tag":[],"giftcard-category":[],"class_list":{"0":"post-23735","1":"product","2":"type-product","3":"status-publish","4":"has-post-thumbnail","6":"product_brand-stetson","7":"product_cat-stetson","8":"product_cat-complementos","9":"product_cat-sombreros-cowboy","10":"pa_color-natural","11":"pa_talla-l","12":"pa_talla-m","13":"pa_talla-s","14":"pa_talla-xl","16":"first","17":"instock","18":"shipping-taxable","19":"purchasable","20":"product-type-variable"},"_links":{"self":[{"href":"https:\/\/www.elgatambbotes.com\/fr\/wp-json\/wp\/v2\/product\/23735","targetHints":{"allow":["GET"]}}],"collection":[{"href":"https:\/\/www.elgatambbotes.com\/fr\/wp-json\/wp\/v2\/product"}],"about":[{"href":"https:\/\/www.elgatambbotes.com\/fr\/wp-json\/wp\/v2\/types\/product"}],"wp:featuredmedia":[{"embeddable":true,"href":"https:\/\/www.elgatambbotes.com\/fr\/wp-json\/wp\/v2\/media\/23696"}],"wp:attachment":[{"href":"https:\/\/www.elgatambbotes.com\/fr\/wp-json\/wp\/v2\/media?parent=23735"}],"wp:term":[{"taxonomy":"product_brand","embeddable":true,"href":"https:\/\/www.elgatambbotes.com\/fr\/wp-json\/wp\/v2\/product_brand?post=23735"},{"taxonomy":"product_cat","embeddable":true,"href":"https:\/\/www.elgatambbotes.com\/fr\/wp-json\/wp\/v2\/product_cat?post=23735"},{"taxonomy":"product_tag","embeddable":true,"href":"https:\/\/www.elgatambbotes.com\/fr\/wp-json\/wp\/v2\/product_tag?post=23735"},{"taxonomy":"giftcard-category","embeddable":true,"href":"https:\/\/www.elgatambbotes.com\/fr\/wp-json\/wp\/v2\/giftcard-category?post=23735"}],"curies":[{"name":"wp","href":"https:\/\/api.w.org\/{rel}","templated":true}]}}