{"id":23409,"date":"2025-05-27T13:49:00","date_gmt":"2025-05-27T11:49:00","guid":{"rendered":"https:\/\/www.elgatambbotes.com\/?post_type=product&#038;p=23409"},"modified":"2026-02-13T12:53:09","modified_gmt":"2026-02-13T11:53:09","slug":"bailey-lightning-4x-w0604a-silver-sand","status":"publish","type":"product","link":"https:\/\/www.elgatambbotes.com\/fr\/producto\/marcas\/bailey-hats\/bailey-lightning-4x-w0604a-silver-sand\/","title":{"rendered":"BAILEY LIGHTNING 4X W0604A SILVER SAND"},"content":{"rendered":"","protected":false},"excerpt":{"rendered":"<p>Le <b>Lightning 4X<\/b> de <b>Bailey<\/b> est un chapeau de cow-boy classique, fabriqu\u00e9 dans une <b>m\u00e9lange de laine et d'angora 4X<\/b>, avec un <b>Coupe allong\u00e9e Cattleman <\/b>12,07 cm et une aile de 10,16 cm avec une courbe avant.<\/p>\n<p>Il est termin\u00e9 par un <b>bande de feutre<\/b> et une \u00e9l\u00e9gante <b>boucle argent\u00e9e<\/b>, en plus d'avoir <b>doublure int\u00e9rieure compl\u00e8te<\/b> et <b>chamois en cuir pour plus de confort<\/b>.<br \/>\nLivr\u00e9 dans sa bo\u00eete d'origine Bailey Western.<\/p>\n<p>Fabriqu\u00e9 aux \u00c9tats-Unis.<\/p>","protected":false},"featured_media":23410,"template":"","meta":[],"product_brand":[155],"product_cat":[149,22,30],"product_tag":[],"giftcard-category":[],"class_list":{"0":"post-23409","1":"product","2":"type-product","3":"status-publish","4":"has-post-thumbnail","6":"product_brand-bailey-hats","7":"product_cat-bailey-hats","8":"product_cat-complementos","9":"product_cat-sombreros-cowboy","10":"pa_color-gris","11":"pa_color-plateado","12":"pa_talla-174","13":"pa_talla-175","14":"pa_talla-176","16":"first","17":"instock","18":"shipping-taxable","19":"purchasable","20":"product-type-variable"},"_links":{"self":[{"href":"https:\/\/www.elgatambbotes.com\/fr\/wp-json\/wp\/v2\/product\/23409","targetHints":{"allow":["GET"]}}],"collection":[{"href":"https:\/\/www.elgatambbotes.com\/fr\/wp-json\/wp\/v2\/product"}],"about":[{"href":"https:\/\/www.elgatambbotes.com\/fr\/wp-json\/wp\/v2\/types\/product"}],"wp:featuredmedia":[{"embeddable":true,"href":"https:\/\/www.elgatambbotes.com\/fr\/wp-json\/wp\/v2\/media\/23410"}],"wp:attachment":[{"href":"https:\/\/www.elgatambbotes.com\/fr\/wp-json\/wp\/v2\/media?parent=23409"}],"wp:term":[{"taxonomy":"product_brand","embeddable":true,"href":"https:\/\/www.elgatambbotes.com\/fr\/wp-json\/wp\/v2\/product_brand?post=23409"},{"taxonomy":"product_cat","embeddable":true,"href":"https:\/\/www.elgatambbotes.com\/fr\/wp-json\/wp\/v2\/product_cat?post=23409"},{"taxonomy":"product_tag","embeddable":true,"href":"https:\/\/www.elgatambbotes.com\/fr\/wp-json\/wp\/v2\/product_tag?post=23409"},{"taxonomy":"giftcard-category","embeddable":true,"href":"https:\/\/www.elgatambbotes.com\/fr\/wp-json\/wp\/v2\/giftcard-category?post=23409"}],"curies":[{"name":"wp","href":"https:\/\/api.w.org\/{rel}","templated":true}]}}