{"id":23406,"date":"2025-05-27T13:43:26","date_gmt":"2025-05-27T11:43:26","guid":{"rendered":"https:\/\/www.elgatambbotes.com\/?post_type=product&#038;p=23406"},"modified":"2026-02-13T12:51:59","modified_gmt":"2026-02-13T11:51:59","slug":"bailey-evers-s1510a-ivory","status":"publish","type":"product","link":"https:\/\/www.elgatambbotes.com\/fr\/producto\/marcas\/bailey-hats\/bailey-evers-s1510a-ivory\/","title":{"rendered":"BAILEY EVERS S1510A IVORY"},"content":{"rendered":"","protected":false},"excerpt":{"rendered":"<p>Le <b>Evers 10X<\/b> de <b>Bailey<\/b> est un chapeau de cow-boy classique en <b>Paille de Shantung <\/b>de couleur ivoire, avec une <b>Coupe de style rod\u00e9o<\/b> ovale rond et un motif distinctif de <b>ventilation en forme de diamant<\/b> (argyle). Son bord de 10,8 cm offre une excellente protection solaire. D\u00e9cor\u00e9 d'une <b>bande noire \u00e0 deux couches<\/b>, l'embl\u00e9matique <b>Goupille d'\u00e9peron m\u00e9tallique Bailey<\/b>, et dispose d'un <b>coussin int\u00e9rieur <\/b>qui \u00e9vacue l'humidit\u00e9 pour vous garder au frais et \u00e0 l'aise tout au long de la journ\u00e9e. Id\u00e9al pour ceux qui recherchent un style western authentique et fonctionnel.<\/p>\n<p>Import\u00e9 des \u00c9tats-Unis.<\/p>","protected":false},"featured_media":23387,"template":"","meta":[],"product_brand":[155],"product_cat":[149,22,30],"product_tag":[],"giftcard-category":[],"class_list":{"0":"post-23406","1":"product","2":"type-product","3":"status-publish","4":"has-post-thumbnail","6":"product_brand-bailey-hats","7":"product_cat-bailey-hats","8":"product_cat-complementos","9":"product_cat-sombreros-cowboy","10":"pa_color-ivory","11":"pa_talla-171","12":"pa_talla-172","13":"pa_talla-173","14":"pa_talla-174","15":"pa_talla-175","16":"pa_talla-176","17":"pa_talla-177","19":"first","20":"instock","21":"shipping-taxable","22":"purchasable","23":"product-type-variable"},"_links":{"self":[{"href":"https:\/\/www.elgatambbotes.com\/fr\/wp-json\/wp\/v2\/product\/23406","targetHints":{"allow":["GET"]}}],"collection":[{"href":"https:\/\/www.elgatambbotes.com\/fr\/wp-json\/wp\/v2\/product"}],"about":[{"href":"https:\/\/www.elgatambbotes.com\/fr\/wp-json\/wp\/v2\/types\/product"}],"wp:featuredmedia":[{"embeddable":true,"href":"https:\/\/www.elgatambbotes.com\/fr\/wp-json\/wp\/v2\/media\/23387"}],"wp:attachment":[{"href":"https:\/\/www.elgatambbotes.com\/fr\/wp-json\/wp\/v2\/media?parent=23406"}],"wp:term":[{"taxonomy":"product_brand","embeddable":true,"href":"https:\/\/www.elgatambbotes.com\/fr\/wp-json\/wp\/v2\/product_brand?post=23406"},{"taxonomy":"product_cat","embeddable":true,"href":"https:\/\/www.elgatambbotes.com\/fr\/wp-json\/wp\/v2\/product_cat?post=23406"},{"taxonomy":"product_tag","embeddable":true,"href":"https:\/\/www.elgatambbotes.com\/fr\/wp-json\/wp\/v2\/product_tag?post=23406"},{"taxonomy":"giftcard-category","embeddable":true,"href":"https:\/\/www.elgatambbotes.com\/fr\/wp-json\/wp\/v2\/giftcard-category?post=23406"}],"curies":[{"name":"wp","href":"https:\/\/api.w.org\/{rel}","templated":true}]}}