{"id":23405,"date":"2025-05-27T13:41:15","date_gmt":"2025-05-27T11:41:15","guid":{"rendered":"https:\/\/www.elgatambbotes.com\/?post_type=product&#038;p=23405"},"modified":"2026-02-13T12:51:41","modified_gmt":"2026-02-13T11:51:41","slug":"bailey-desert-knight-s18bga-black","status":"publish","type":"product","link":"https:\/\/www.elgatambbotes.com\/fr\/producto\/marcas\/bailey-hats\/bailey-desert-knight-s18bga-black\/","title":{"rendered":"BAILEY DESERT KNIGHT S18BGA BLACK"},"content":{"rendered":"","protected":false},"excerpt":{"rendered":"<p>Le <b>Desert Knight<\/b> de <b>Bailey<\/b> est un chapeau de cow-boy fabriqu\u00e9 en <b>Paille de Bangora<\/b>, avec une \u00e9l\u00e9gante <b>Gobelet Marlboro oblong <\/b>(ovale de 11,11 cm de long) et un \u00e9vent \u00e9troit pour plus de style et de confort. Orn\u00e9 d'un <b>bande noire \u00e0 deux couches<\/b>, le <b>goupille d'\u00e9peron Bailey classique<\/b>\u00a0et le coussin int\u00e9rieur<b> Dri-Lex <\/b>qui \u00e9vacue l'humidit\u00e9, offrant fra\u00eecheur et confort m\u00eame lors des journ\u00e9es les plus chaudes. Id\u00e9al pour ceux qui recherchent un look western authentique et fonctionnel.<\/p>\n<p>Import\u00e9 des \u00c9tats-Unis.<\/p>","protected":false},"featured_media":23386,"template":"","meta":[],"product_brand":[155],"product_cat":[149,22,30],"product_tag":[],"giftcard-category":[],"class_list":{"0":"post-23405","1":"product","2":"type-product","3":"status-publish","4":"has-post-thumbnail","6":"product_brand-bailey-hats","7":"product_cat-bailey-hats","8":"product_cat-complementos","9":"product_cat-sombreros-cowboy","10":"pa_color-negro","11":"pa_talla-171","12":"pa_talla-172","13":"pa_talla-173","14":"pa_talla-174","15":"pa_talla-175","16":"pa_talla-176","17":"pa_talla-177","19":"first","20":"instock","21":"shipping-taxable","22":"purchasable","23":"product-type-variable"},"_links":{"self":[{"href":"https:\/\/www.elgatambbotes.com\/fr\/wp-json\/wp\/v2\/product\/23405","targetHints":{"allow":["GET"]}}],"collection":[{"href":"https:\/\/www.elgatambbotes.com\/fr\/wp-json\/wp\/v2\/product"}],"about":[{"href":"https:\/\/www.elgatambbotes.com\/fr\/wp-json\/wp\/v2\/types\/product"}],"wp:featuredmedia":[{"embeddable":true,"href":"https:\/\/www.elgatambbotes.com\/fr\/wp-json\/wp\/v2\/media\/23386"}],"wp:attachment":[{"href":"https:\/\/www.elgatambbotes.com\/fr\/wp-json\/wp\/v2\/media?parent=23405"}],"wp:term":[{"taxonomy":"product_brand","embeddable":true,"href":"https:\/\/www.elgatambbotes.com\/fr\/wp-json\/wp\/v2\/product_brand?post=23405"},{"taxonomy":"product_cat","embeddable":true,"href":"https:\/\/www.elgatambbotes.com\/fr\/wp-json\/wp\/v2\/product_cat?post=23405"},{"taxonomy":"product_tag","embeddable":true,"href":"https:\/\/www.elgatambbotes.com\/fr\/wp-json\/wp\/v2\/product_tag?post=23405"},{"taxonomy":"giftcard-category","embeddable":true,"href":"https:\/\/www.elgatambbotes.com\/fr\/wp-json\/wp\/v2\/giftcard-category?post=23405"}],"curies":[{"name":"wp","href":"https:\/\/api.w.org\/{rel}","templated":true}]}}