{"id":23404,"date":"2025-05-27T13:38:29","date_gmt":"2025-05-27T11:38:29","guid":{"rendered":"https:\/\/www.elgatambbotes.com\/?post_type=product&#038;p=23404"},"modified":"2026-02-13T12:51:20","modified_gmt":"2026-02-13T11:51:20","slug":"bailey-desert-breeze-17838us-ivory","status":"publish","type":"product","link":"https:\/\/www.elgatambbotes.com\/fr\/producto\/marcas\/bailey-hats\/bailey-desert-breeze-17838us-ivory\/","title":{"rendered":"BAILEY DESERT BREEZE 17838US IVORY"},"content":{"rendered":"","protected":false},"excerpt":{"rendered":"<p>Le <b>Brise du d\u00e9sert<\/b> de <b>Bailey<\/b> est un chapeau de <b>Paille de Bangora<\/b> ton naturel avec style cup <b>Marlboro allong\u00e9 <\/b>(ovale long) qui offre une grande ventilation pour vous garder au frais au soleil. Il est dot\u00e9 d'un bord de 10,16 cm et d'une coupe de 12,07 cm, d\u00e9cor\u00e9e d'un \u00e9l\u00e9gant <b>bande noire<\/b> et l'embl\u00e9matique <b>goupille cylindrique<\/b> Bailey. La peau int\u00e9rieure qui \u00e9vacue l'humidit\u00e9 assure le confort et un ajustement parfait, id\u00e9al pour les chaudes journ\u00e9es d'\u00e9t\u00e9.<\/p>\n<p>Fabriqu\u00e9 aux \u00c9tats-Unis.<\/p>","protected":false},"featured_media":23385,"template":"","meta":[],"product_brand":[155],"product_cat":[149,22,30],"product_tag":[],"giftcard-category":[],"class_list":{"0":"post-23404","1":"product","2":"type-product","3":"status-publish","4":"has-post-thumbnail","6":"product_brand-bailey-hats","7":"product_cat-bailey-hats","8":"product_cat-complementos","9":"product_cat-sombreros-cowboy","10":"pa_color-ivory","11":"pa_color-natural","12":"pa_talla-171","13":"pa_talla-172","14":"pa_talla-173","15":"pa_talla-174","16":"pa_talla-175","17":"pa_talla-176","18":"pa_talla-177","20":"first","21":"instock","22":"shipping-taxable","23":"purchasable","24":"product-type-variable"},"_links":{"self":[{"href":"https:\/\/www.elgatambbotes.com\/fr\/wp-json\/wp\/v2\/product\/23404","targetHints":{"allow":["GET"]}}],"collection":[{"href":"https:\/\/www.elgatambbotes.com\/fr\/wp-json\/wp\/v2\/product"}],"about":[{"href":"https:\/\/www.elgatambbotes.com\/fr\/wp-json\/wp\/v2\/types\/product"}],"wp:featuredmedia":[{"embeddable":true,"href":"https:\/\/www.elgatambbotes.com\/fr\/wp-json\/wp\/v2\/media\/23385"}],"wp:attachment":[{"href":"https:\/\/www.elgatambbotes.com\/fr\/wp-json\/wp\/v2\/media?parent=23404"}],"wp:term":[{"taxonomy":"product_brand","embeddable":true,"href":"https:\/\/www.elgatambbotes.com\/fr\/wp-json\/wp\/v2\/product_brand?post=23404"},{"taxonomy":"product_cat","embeddable":true,"href":"https:\/\/www.elgatambbotes.com\/fr\/wp-json\/wp\/v2\/product_cat?post=23404"},{"taxonomy":"product_tag","embeddable":true,"href":"https:\/\/www.elgatambbotes.com\/fr\/wp-json\/wp\/v2\/product_tag?post=23404"},{"taxonomy":"giftcard-category","embeddable":true,"href":"https:\/\/www.elgatambbotes.com\/fr\/wp-json\/wp\/v2\/giftcard-category?post=23404"}],"curies":[{"name":"wp","href":"https:\/\/api.w.org\/{rel}","templated":true}]}}