{"id":23403,"date":"2025-05-27T13:35:37","date_gmt":"2025-05-27T11:35:37","guid":{"rendered":"https:\/\/www.elgatambbotes.com\/?post_type=product&#038;p=23403"},"modified":"2026-02-13T12:50:49","modified_gmt":"2026-02-13T11:50:49","slug":"bailey-chisolm-w05lfg-black","status":"publish","type":"product","link":"https:\/\/www.elgatambbotes.com\/fr\/producto\/marcas\/bailey-hats\/bailey-chisolm-w05lfg-black\/","title":{"rendered":"BAILEY CHISOLM W05LFG BLACK"},"content":{"rendered":"","protected":false},"excerpt":{"rendered":"<p>Le <b>Chisolm<\/b> de <b>Bailey<\/b> est un chapeau de cow-boy de haute qualit\u00e9, en laine <b>LiteFelt<\/b> en noir qui est durable, <b>hydrofuge<\/b>L'enroulement, l'enroulement et la r\u00e9sistance \u00e0 la d\u00e9formation. Il est dot\u00e9 d'une <b>Coupe de style Cattleman<\/b> 11,43 cm et un bord long de 8,9 cm, id\u00e9al pour un style classique et une protection solaire. Fini avec un <b>bracelet en cuir clout\u00e9<\/b> argent\u00e9e et la peau int\u00e9rieure , qui \u00e9vacue l'humidit\u00e9, assure confort et style en toute occasion.<\/p>\n<p>Fabriqu\u00e9 aux \u00c9tats-Unis.<\/p>","protected":false},"featured_media":23384,"template":"","meta":[],"product_brand":[155],"product_cat":[149,22,30],"product_tag":[],"giftcard-category":[],"class_list":{"0":"post-23403","1":"product","2":"type-product","3":"status-publish","4":"has-post-thumbnail","6":"product_brand-bailey-hats","7":"product_cat-bailey-hats","8":"product_cat-complementos","9":"product_cat-sombreros-cowboy","10":"pa_color-negro","11":"pa_talla-l","12":"pa_talla-m","13":"pa_talla-s","14":"pa_talla-xl","16":"first","17":"instock","18":"shipping-taxable","19":"purchasable","20":"product-type-variable"},"_links":{"self":[{"href":"https:\/\/www.elgatambbotes.com\/fr\/wp-json\/wp\/v2\/product\/23403","targetHints":{"allow":["GET"]}}],"collection":[{"href":"https:\/\/www.elgatambbotes.com\/fr\/wp-json\/wp\/v2\/product"}],"about":[{"href":"https:\/\/www.elgatambbotes.com\/fr\/wp-json\/wp\/v2\/types\/product"}],"wp:featuredmedia":[{"embeddable":true,"href":"https:\/\/www.elgatambbotes.com\/fr\/wp-json\/wp\/v2\/media\/23384"}],"wp:attachment":[{"href":"https:\/\/www.elgatambbotes.com\/fr\/wp-json\/wp\/v2\/media?parent=23403"}],"wp:term":[{"taxonomy":"product_brand","embeddable":true,"href":"https:\/\/www.elgatambbotes.com\/fr\/wp-json\/wp\/v2\/product_brand?post=23403"},{"taxonomy":"product_cat","embeddable":true,"href":"https:\/\/www.elgatambbotes.com\/fr\/wp-json\/wp\/v2\/product_cat?post=23403"},{"taxonomy":"product_tag","embeddable":true,"href":"https:\/\/www.elgatambbotes.com\/fr\/wp-json\/wp\/v2\/product_tag?post=23403"},{"taxonomy":"giftcard-category","embeddable":true,"href":"https:\/\/www.elgatambbotes.com\/fr\/wp-json\/wp\/v2\/giftcard-category?post=23403"}],"curies":[{"name":"wp","href":"https:\/\/api.w.org\/{rel}","templated":true}]}}