{"id":23401,"date":"2025-05-27T13:32:19","date_gmt":"2025-05-27T11:32:19","guid":{"rendered":"https:\/\/www.elgatambbotes.com\/?post_type=product&#038;p=23401"},"modified":"2026-02-13T12:49:50","modified_gmt":"2026-02-13T11:49:50","slug":"bailey-cassius-s1407a-natural-tan","status":"publish","type":"product","link":"https:\/\/www.elgatambbotes.com\/fr\/producto\/marcas\/bailey-hats\/bailey-cassius-s1407a-natural-tan\/","title":{"rendered":"BAILEY CASSIUS S1407A NATURAL\/TAN"},"content":{"rendered":"","protected":false},"excerpt":{"rendered":"<p>Le <b>Cassius 7X<\/b> de <b>Bailey<\/b> est un chapeau de cow-boy \u00e9l\u00e9gant et fonctionnel, disponible en deux teintes (naturel et beige) et dot\u00e9 d'un <b>Coupe basse de style Cheyenne<\/b> allong\u00e9, offrant une excellente ventilation. Son rebord est de 10,8 cm, <b>bande de cuir<\/b> deux couches, le mini <b>Goupille d'\u00e9peron m\u00e9tallique Bailey<\/b> et le coussin int\u00e9rieur <b>Dri-Lex<\/b> qui \u00e9vacue l'humidit\u00e9 pour vous garder au frais et \u00e0 l'aise dans toutes les situations, que vous soyez au ranch, au rod\u00e9o ou sur la piste de danse. Un style classique avec le confort et la qualit\u00e9 Bailey.<\/p>\n<p>Import\u00e9 des \u00c9tats-Unis.<\/p>","protected":false},"featured_media":23382,"template":"","meta":[],"product_brand":[155],"product_cat":[149,22,30],"product_tag":[],"giftcard-category":[],"class_list":{"0":"post-23401","1":"product","2":"type-product","3":"status-publish","4":"has-post-thumbnail","6":"product_brand-bailey-hats","7":"product_cat-bailey-hats","8":"product_cat-complementos","9":"product_cat-sombreros-cowboy","10":"pa_color-natural","11":"pa_color-tostado","12":"pa_talla-171","13":"pa_talla-172","14":"pa_talla-173","15":"pa_talla-174","16":"pa_talla-175","17":"pa_talla-176","18":"pa_talla-177","20":"first","21":"instock","22":"shipping-taxable","23":"purchasable","24":"product-type-variable"},"_links":{"self":[{"href":"https:\/\/www.elgatambbotes.com\/fr\/wp-json\/wp\/v2\/product\/23401","targetHints":{"allow":["GET"]}}],"collection":[{"href":"https:\/\/www.elgatambbotes.com\/fr\/wp-json\/wp\/v2\/product"}],"about":[{"href":"https:\/\/www.elgatambbotes.com\/fr\/wp-json\/wp\/v2\/types\/product"}],"wp:featuredmedia":[{"embeddable":true,"href":"https:\/\/www.elgatambbotes.com\/fr\/wp-json\/wp\/v2\/media\/23382"}],"wp:attachment":[{"href":"https:\/\/www.elgatambbotes.com\/fr\/wp-json\/wp\/v2\/media?parent=23401"}],"wp:term":[{"taxonomy":"product_brand","embeddable":true,"href":"https:\/\/www.elgatambbotes.com\/fr\/wp-json\/wp\/v2\/product_brand?post=23401"},{"taxonomy":"product_cat","embeddable":true,"href":"https:\/\/www.elgatambbotes.com\/fr\/wp-json\/wp\/v2\/product_cat?post=23401"},{"taxonomy":"product_tag","embeddable":true,"href":"https:\/\/www.elgatambbotes.com\/fr\/wp-json\/wp\/v2\/product_tag?post=23401"},{"taxonomy":"giftcard-category","embeddable":true,"href":"https:\/\/www.elgatambbotes.com\/fr\/wp-json\/wp\/v2\/giftcard-category?post=23401"}],"curies":[{"name":"wp","href":"https:\/\/api.w.org\/{rel}","templated":true}]}}