{"id":23399,"date":"2025-05-30T12:56:22","date_gmt":"2025-05-30T10:56:22","guid":{"rendered":"https:\/\/www.elgatambbotes.com\/?post_type=product&#038;p=23399"},"modified":"2026-03-22T20:45:40","modified_gmt":"2026-03-22T19:45:40","slug":"bailey-big-bend-s19bga-ivory","status":"publish","type":"product","link":"https:\/\/www.elgatambbotes.com\/fr\/producto\/marcas\/bailey-hats\/bailey-big-bend-s19bga-ivory\/","title":{"rendered":"BAILEY BIG BEND S19BGA IVORY"},"content":{"rendered":"","protected":false},"excerpt":{"rendered":"<p>Le <b>Big Bend<\/b> de la marque renomm\u00e9e <b>Bailey<\/b> est un chapeau de cow-boy fabriqu\u00e9 en <b>Paille de Bangora<\/b>, con\u00e7u pour ceux qui recherchent style et fonctionnalit\u00e9. Il pr\u00e9sente un motif unique de <b>ventilation \u00e0 chevrons<\/b> dans la coupe et est orn\u00e9 d'une <b>bande de cuir <\/b>authentique et distinctif <b>goupille m\u00e9tallique<\/b> de Bailey. Avec un <b>Coupe de style rod\u00e9o <\/b>ovale rond de 10,2 cm et le bord de 10,8 cm offrent une silhouette classique et une excellente protection solaire. Son coussinet int\u00e9rieur<b> Dri-Lex<\/b> \u00e9vacue l'humidit\u00e9, vous gardant au frais, au sec et \u00e0 l'aise \u00e0 tout moment. Parfait pour un look western authentique avec la qualit\u00e9 et l'\u00e9l\u00e9gance propres \u00e0 Bailey.<\/p>\n<p>Import\u00e9 des \u00c9tats-Unis.<\/p>","protected":false},"featured_media":23381,"template":"","meta":[],"product_brand":[155],"product_cat":[149,22,30],"product_tag":[],"giftcard-category":[],"class_list":{"0":"post-23399","1":"product","2":"type-product","3":"status-publish","4":"has-post-thumbnail","6":"product_brand-bailey-hats","7":"product_cat-bailey-hats","8":"product_cat-complementos","9":"product_cat-sombreros-cowboy","10":"pa_color-ivory","11":"pa_talla-171","12":"pa_talla-172","13":"pa_talla-173","14":"pa_talla-174","15":"pa_talla-175","16":"pa_talla-176","17":"pa_talla-177","19":"first","20":"instock","21":"shipping-taxable","22":"purchasable","23":"product-type-variable"},"_links":{"self":[{"href":"https:\/\/www.elgatambbotes.com\/fr\/wp-json\/wp\/v2\/product\/23399","targetHints":{"allow":["GET"]}}],"collection":[{"href":"https:\/\/www.elgatambbotes.com\/fr\/wp-json\/wp\/v2\/product"}],"about":[{"href":"https:\/\/www.elgatambbotes.com\/fr\/wp-json\/wp\/v2\/types\/product"}],"wp:featuredmedia":[{"embeddable":true,"href":"https:\/\/www.elgatambbotes.com\/fr\/wp-json\/wp\/v2\/media\/23381"}],"wp:attachment":[{"href":"https:\/\/www.elgatambbotes.com\/fr\/wp-json\/wp\/v2\/media?parent=23399"}],"wp:term":[{"taxonomy":"product_brand","embeddable":true,"href":"https:\/\/www.elgatambbotes.com\/fr\/wp-json\/wp\/v2\/product_brand?post=23399"},{"taxonomy":"product_cat","embeddable":true,"href":"https:\/\/www.elgatambbotes.com\/fr\/wp-json\/wp\/v2\/product_cat?post=23399"},{"taxonomy":"product_tag","embeddable":true,"href":"https:\/\/www.elgatambbotes.com\/fr\/wp-json\/wp\/v2\/product_tag?post=23399"},{"taxonomy":"giftcard-category","embeddable":true,"href":"https:\/\/www.elgatambbotes.com\/fr\/wp-json\/wp\/v2\/giftcard-category?post=23399"}],"curies":[{"name":"wp","href":"https:\/\/api.w.org\/{rel}","templated":true}]}}