{"id":23220,"date":"2025-04-14T13:31:42","date_gmt":"2025-04-14T11:31:42","guid":{"rendered":"https:\/\/www.elgatambbotes.com\/?post_type=product&#038;p=23220"},"modified":"2026-02-13T12:44:43","modified_gmt":"2026-02-13T11:44:43","slug":"sendra-15038-floter-tang-lavado","status":"publish","type":"product","link":"https:\/\/www.elgatambbotes.com\/fr\/producto\/marcas\/sendra-boots\/sendra-15038-floter-tang-lavado\/","title":{"rendered":"Sendra 15038 Floter Tang Lavado"},"content":{"rendered":"","protected":false},"excerpt":{"rendered":"<p><b>Sendra Boots<\/b> cuir de vachette pour femme dans un ton marron l\u00e9g\u00e8rement bross\u00e9. Style western avec une touche sophistiqu\u00e9e. Tige perfor\u00e9e avec imprim\u00e9 python, franges lat\u00e9rales et harnais d\u00e9coratif avec rivets et cha\u00eene. Semelle en cuir et coutures <b>Goodyear<\/b>.<\/p>","protected":false},"featured_media":23222,"template":"","meta":[],"product_brand":[151],"product_cat":[98,25,82],"product_tag":[],"giftcard-category":[],"class_list":{"0":"post-23220","1":"product","2":"type-product","3":"status-publish","4":"has-post-thumbnail","6":"product_brand-sendra-boots","7":"product_cat-sendra-boots","8":"product_cat-mujer","9":"product_cat-botas-cowboy-mujer","10":"pa_color-marron","11":"pa_color-piton-imitacion","12":"pa_talla-99","13":"pa_talla-100","14":"pa_talla-101","15":"pa_talla-102","16":"pa_talla-103","17":"pa_talla-104","18":"pa_talla-105","20":"first","21":"instock","22":"shipping-taxable","23":"purchasable","24":"product-type-variable"},"_links":{"self":[{"href":"https:\/\/www.elgatambbotes.com\/fr\/wp-json\/wp\/v2\/product\/23220","targetHints":{"allow":["GET"]}}],"collection":[{"href":"https:\/\/www.elgatambbotes.com\/fr\/wp-json\/wp\/v2\/product"}],"about":[{"href":"https:\/\/www.elgatambbotes.com\/fr\/wp-json\/wp\/v2\/types\/product"}],"wp:featuredmedia":[{"embeddable":true,"href":"https:\/\/www.elgatambbotes.com\/fr\/wp-json\/wp\/v2\/media\/23222"}],"wp:attachment":[{"href":"https:\/\/www.elgatambbotes.com\/fr\/wp-json\/wp\/v2\/media?parent=23220"}],"wp:term":[{"taxonomy":"product_brand","embeddable":true,"href":"https:\/\/www.elgatambbotes.com\/fr\/wp-json\/wp\/v2\/product_brand?post=23220"},{"taxonomy":"product_cat","embeddable":true,"href":"https:\/\/www.elgatambbotes.com\/fr\/wp-json\/wp\/v2\/product_cat?post=23220"},{"taxonomy":"product_tag","embeddable":true,"href":"https:\/\/www.elgatambbotes.com\/fr\/wp-json\/wp\/v2\/product_tag?post=23220"},{"taxonomy":"giftcard-category","embeddable":true,"href":"https:\/\/www.elgatambbotes.com\/fr\/wp-json\/wp\/v2\/giftcard-category?post=23220"}],"curies":[{"name":"wp","href":"https:\/\/api.w.org\/{rel}","templated":true}]}}