{"id":23183,"date":"2025-04-14T12:56:15","date_gmt":"2025-04-14T10:56:15","guid":{"rendered":"https:\/\/www.elgatambbotes.com\/?post_type=product&#038;p=23183"},"modified":"2026-02-13T12:42:14","modified_gmt":"2026-02-13T11:42:14","slug":"sendra-15505-flota-negro-marmol","status":"publish","type":"product","link":"https:\/\/www.elgatambbotes.com\/fr\/producto\/mujer\/botines-cowboy-mujer\/sendra-15505-flota-negro-marmol\/","title":{"rendered":"Sendra 15505 Flota Negro Marmol"},"content":{"rendered":"","protected":false},"excerpt":{"rendered":"<p><b>Sendra Boots <\/b>bottines pour femmes, fabriqu\u00e9es en cuir de vachette noir de haute qualit\u00e9, se distinguent par leur design avec des \u00e9toiles gaufr\u00e9es et des d\u00e9tails m\u00e9talliques qui refl\u00e8tent une essence rocker et sophistiqu\u00e9e. Le talon cubain et le bout pointu offrent un look moderne sans perdre l'essence western. Fermeture \u00e9clair int\u00e9rieure sur le c\u00f4t\u00e9 pour plus de confort lors de l'enfilage. Semelle en cuir et coutures <b>Goodyear.<\/b><\/p>","protected":false},"featured_media":23193,"template":"","meta":[],"product_brand":[151],"product_cat":[83,25,98],"product_tag":[],"giftcard-category":[],"class_list":{"0":"post-23183","1":"product","2":"type-product","3":"status-publish","4":"has-post-thumbnail","6":"product_brand-sendra-boots","7":"product_cat-botines-cowboy-mujer","8":"product_cat-mujer","9":"product_cat-sendra-boots","10":"pa_color-dorado","11":"pa_color-negro","12":"pa_talla-99","13":"pa_talla-100","14":"pa_talla-101","15":"pa_talla-102","16":"pa_talla-103","17":"pa_talla-104","18":"pa_talla-105","20":"first","21":"instock","22":"shipping-taxable","23":"purchasable","24":"product-type-variable"},"_links":{"self":[{"href":"https:\/\/www.elgatambbotes.com\/fr\/wp-json\/wp\/v2\/product\/23183","targetHints":{"allow":["GET"]}}],"collection":[{"href":"https:\/\/www.elgatambbotes.com\/fr\/wp-json\/wp\/v2\/product"}],"about":[{"href":"https:\/\/www.elgatambbotes.com\/fr\/wp-json\/wp\/v2\/types\/product"}],"wp:featuredmedia":[{"embeddable":true,"href":"https:\/\/www.elgatambbotes.com\/fr\/wp-json\/wp\/v2\/media\/23193"}],"wp:attachment":[{"href":"https:\/\/www.elgatambbotes.com\/fr\/wp-json\/wp\/v2\/media?parent=23183"}],"wp:term":[{"taxonomy":"product_brand","embeddable":true,"href":"https:\/\/www.elgatambbotes.com\/fr\/wp-json\/wp\/v2\/product_brand?post=23183"},{"taxonomy":"product_cat","embeddable":true,"href":"https:\/\/www.elgatambbotes.com\/fr\/wp-json\/wp\/v2\/product_cat?post=23183"},{"taxonomy":"product_tag","embeddable":true,"href":"https:\/\/www.elgatambbotes.com\/fr\/wp-json\/wp\/v2\/product_tag?post=23183"},{"taxonomy":"giftcard-category","embeddable":true,"href":"https:\/\/www.elgatambbotes.com\/fr\/wp-json\/wp\/v2\/giftcard-category?post=23183"}],"curies":[{"name":"wp","href":"https:\/\/api.w.org\/{rel}","templated":true}]}}