{"id":23111,"date":"2025-04-01T12:04:23","date_gmt":"2025-04-01T10:04:23","guid":{"rendered":"https:\/\/www.elgatambbotes.com\/?post_type=product&#038;p=23111"},"modified":"2026-04-06T11:59:04","modified_gmt":"2026-04-06T09:59:04","slug":"sendra-16150-salvaje-negro","status":"publish","type":"product","link":"https:\/\/www.elgatambbotes.com\/fr\/producto\/mujer\/botines-cowboy-mujer\/sendra-16150-salvaje-negro\/","title":{"rendered":"Sendra 16150 Salvaje Negro"},"content":{"rendered":"","protected":false},"excerpt":{"rendered":"<p><strong>Sendra Boots<\/strong> bottines pour femmes en cuir de vachette nappa noir avec embout et arri\u00e8re en m\u00e9tal pour une protection suppl\u00e9mentaire et un style unique. Cheville \u00e9lastiqu\u00e9e pour plus de confort lors de l'enfilage. Semelle en cuir et coutures <strong>Goodyear<\/strong>. Mod\u00e8le exclusif que vous ne trouverez que dans nos magasins.<\/p>","protected":false},"featured_media":23097,"template":"","meta":[],"product_brand":[151],"product_cat":[83,25,98],"product_tag":[],"giftcard-category":[],"class_list":{"0":"post-23111","1":"product","2":"type-product","3":"status-publish","4":"has-post-thumbnail","6":"product_brand-sendra-boots","7":"product_cat-botines-cowboy-mujer","8":"product_cat-mujer","9":"product_cat-sendra-boots","10":"pa_color-negro","11":"pa_talla-100","12":"pa_talla-101","13":"pa_talla-102","14":"pa_talla-103","15":"pa_talla-104","16":"pa_talla-105","18":"first","19":"instock","20":"shipping-taxable","21":"purchasable","22":"product-type-variable"},"_links":{"self":[{"href":"https:\/\/www.elgatambbotes.com\/fr\/wp-json\/wp\/v2\/product\/23111","targetHints":{"allow":["GET"]}}],"collection":[{"href":"https:\/\/www.elgatambbotes.com\/fr\/wp-json\/wp\/v2\/product"}],"about":[{"href":"https:\/\/www.elgatambbotes.com\/fr\/wp-json\/wp\/v2\/types\/product"}],"wp:featuredmedia":[{"embeddable":true,"href":"https:\/\/www.elgatambbotes.com\/fr\/wp-json\/wp\/v2\/media\/23097"}],"wp:attachment":[{"href":"https:\/\/www.elgatambbotes.com\/fr\/wp-json\/wp\/v2\/media?parent=23111"}],"wp:term":[{"taxonomy":"product_brand","embeddable":true,"href":"https:\/\/www.elgatambbotes.com\/fr\/wp-json\/wp\/v2\/product_brand?post=23111"},{"taxonomy":"product_cat","embeddable":true,"href":"https:\/\/www.elgatambbotes.com\/fr\/wp-json\/wp\/v2\/product_cat?post=23111"},{"taxonomy":"product_tag","embeddable":true,"href":"https:\/\/www.elgatambbotes.com\/fr\/wp-json\/wp\/v2\/product_tag?post=23111"},{"taxonomy":"giftcard-category","embeddable":true,"href":"https:\/\/www.elgatambbotes.com\/fr\/wp-json\/wp\/v2\/giftcard-category?post=23111"}],"curies":[{"name":"wp","href":"https:\/\/api.w.org\/{rel}","templated":true}]}}