{"id":23070,"date":"2025-03-26T13:07:38","date_gmt":"2025-03-26T12:07:38","guid":{"rendered":"https:\/\/www.elgatambbotes.com\/?post_type=product&#038;p=23070"},"modified":"2026-02-13T12:37:37","modified_gmt":"2026-02-13T11:37:37","slug":"sendra-11653-salvaje-acacia","status":"publish","type":"product","link":"https:\/\/www.elgatambbotes.com\/fr\/producto\/mujer\/botines-cowboy-mujer\/sendra-11653-salvaje-acacia\/","title":{"rendered":"Sendra 11653 Salvaje Acacia"},"content":{"rendered":"","protected":false},"excerpt":{"rendered":"<p><b>Sendra Boots <\/b>Bottines pour femme, en cuir de vachette gris et imitation python sur le pied. D\u00e9tail sur le c\u00f4t\u00e9 avec<span class=\"Apple-converted-space\">\u00a0 <\/span>rivets et franges dans la m\u00eame cro\u00fbte de cuir. Fermeture \u00e9clair int\u00e9rieure sur le c\u00f4t\u00e9 pour plus de confort lors de l'enfilage des chaussures. Semelle en cuir et coutures <b>Goodyear<\/b>. Mod\u00e8le exclusif que vous ne trouverez que dans nos magasins.<\/p>","protected":false},"featured_media":23061,"template":"","meta":[],"product_brand":[151],"product_cat":[83,98],"product_tag":[],"giftcard-category":[],"class_list":{"0":"post-23070","1":"product","2":"type-product","3":"status-publish","4":"has-post-thumbnail","6":"product_brand-sendra-boots","7":"product_cat-botines-cowboy-mujer","8":"product_cat-sendra-boots","9":"pa_color-gris","10":"pa_color-piton-imitacion","11":"pa_talla-99","12":"pa_talla-100","13":"pa_talla-101","14":"pa_talla-102","15":"pa_talla-103","16":"pa_talla-104","17":"pa_talla-105","19":"first","20":"instock","21":"shipping-taxable","22":"purchasable","23":"product-type-variable"},"_links":{"self":[{"href":"https:\/\/www.elgatambbotes.com\/fr\/wp-json\/wp\/v2\/product\/23070","targetHints":{"allow":["GET"]}}],"collection":[{"href":"https:\/\/www.elgatambbotes.com\/fr\/wp-json\/wp\/v2\/product"}],"about":[{"href":"https:\/\/www.elgatambbotes.com\/fr\/wp-json\/wp\/v2\/types\/product"}],"wp:featuredmedia":[{"embeddable":true,"href":"https:\/\/www.elgatambbotes.com\/fr\/wp-json\/wp\/v2\/media\/23061"}],"wp:attachment":[{"href":"https:\/\/www.elgatambbotes.com\/fr\/wp-json\/wp\/v2\/media?parent=23070"}],"wp:term":[{"taxonomy":"product_brand","embeddable":true,"href":"https:\/\/www.elgatambbotes.com\/fr\/wp-json\/wp\/v2\/product_brand?post=23070"},{"taxonomy":"product_cat","embeddable":true,"href":"https:\/\/www.elgatambbotes.com\/fr\/wp-json\/wp\/v2\/product_cat?post=23070"},{"taxonomy":"product_tag","embeddable":true,"href":"https:\/\/www.elgatambbotes.com\/fr\/wp-json\/wp\/v2\/product_tag?post=23070"},{"taxonomy":"giftcard-category","embeddable":true,"href":"https:\/\/www.elgatambbotes.com\/fr\/wp-json\/wp\/v2\/giftcard-category?post=23070"}],"curies":[{"name":"wp","href":"https:\/\/api.w.org\/{rel}","templated":true}]}}